{"id":6500,"date":"2026-02-13T11:02:59","date_gmt":"2026-02-13T10:02:59","guid":{"rendered":"https:\/\/forjasdeviana.com\/producto\/charniere-equerre-basculante-hb2-geante\/"},"modified":"2026-03-31T13:08:58","modified_gmt":"2026-03-31T11:08:58","slug":"charniere-equerre-basculante-hb2-geante","status":"publish","type":"product","link":"https:\/\/forjasdeviana.com\/fr\/producto\/charniere-equerre-basculante-hb2-geante\/","title":{"rendered":"CHARNI\u00c8RE \u00c9QUERRE BASCULANTE HB2 G\u00e9ante"},"content":{"rendered":"","protected":false},"excerpt":{"rendered":"","protected":false},"featured_media":6502,"comment_status":"open","ping_status":"closed","template":"","meta":[],"product_brand":[],"product_cat":[107],"product_tag":[],"class_list":{"0":"post-6500","1":"product","2":"type-product","3":"status-publish","4":"has-post-thumbnail","6":"product_cat-charnieres-basculantes","8":"first","9":"instock","10":"shipping-taxable","11":"product-type-simple"},"_links":{"self":[{"href":"https:\/\/forjasdeviana.com\/fr\/wp-json\/wp\/v2\/product\/6500","targetHints":{"allow":["GET"]}}],"collection":[{"href":"https:\/\/forjasdeviana.com\/fr\/wp-json\/wp\/v2\/product"}],"about":[{"href":"https:\/\/forjasdeviana.com\/fr\/wp-json\/wp\/v2\/types\/product"}],"replies":[{"embeddable":true,"href":"https:\/\/forjasdeviana.com\/fr\/wp-json\/wp\/v2\/comments?post=6500"}],"wp:featuredmedia":[{"embeddable":true,"href":"https:\/\/forjasdeviana.com\/fr\/wp-json\/wp\/v2\/media\/6502"}],"wp:attachment":[{"href":"https:\/\/forjasdeviana.com\/fr\/wp-json\/wp\/v2\/media?parent=6500"}],"wp:term":[{"taxonomy":"product_brand","embeddable":true,"href":"https:\/\/forjasdeviana.com\/fr\/wp-json\/wp\/v2\/product_brand?post=6500"},{"taxonomy":"product_cat","embeddable":true,"href":"https:\/\/forjasdeviana.com\/fr\/wp-json\/wp\/v2\/product_cat?post=6500"},{"taxonomy":"product_tag","embeddable":true,"href":"https:\/\/forjasdeviana.com\/fr\/wp-json\/wp\/v2\/product_tag?post=6500"}],"curies":[{"name":"wp","href":"https:\/\/api.w.org\/{rel}","templated":true}]}}