{"id":6178,"date":"2026-03-18T12:33:27","date_gmt":"2026-03-18T11:33:27","guid":{"rendered":"https:\/\/forjasdeviana.com\/catalogue-de-produits-propres\/"},"modified":"2026-03-31T10:05:02","modified_gmt":"2026-03-31T08:05:02","slug":"catalogue-de-produits-propres","status":"publish","type":"page","link":"https:\/\/forjasdeviana.com\/fr\/catalogue-de-produits-propres\/","title":{"rendered":"Catalogue de produits propres"},"content":{"rendered":"\t\t<div data-elementor-type=\"wp-page\" data-elementor-id=\"6178\" class=\"elementor elementor-6178 elementor-5422\" data-elementor-post-type=\"page\">\n\t\t\t\t<div class=\"elementor-element elementor-element-9ca384c e-flex e-con-boxed e-con e-parent\" data-id=\"9ca384c\" data-element_type=\"container\" data-e-type=\"container\" data-settings=\"{&quot;background_background&quot;:&quot;classic&quot;}\">\n\t\t\t\t\t<div class=\"e-con-inner\">\n\t\t\t\t<div class=\"elementor-element elementor-element-216fb78 elementor-widget elementor-widget-heading\" data-id=\"216fb78\" data-element_type=\"widget\" data-e-type=\"widget\" data-widget_type=\"heading.default\">\n\t\t\t\t\t<h2 class=\"elementor-heading-title elementor-size-default\">Catalogue de produits propres<\/h2>\t\t\t\t<\/div>\n\t\t\t\t\t<\/div>\n\t\t\t\t<\/div>\n\t\t<div class=\"elementor-element elementor-element-7d1064f e-flex e-con-boxed e-con e-parent\" data-id=\"7d1064f\" data-element_type=\"container\" data-e-type=\"container\">\n\t\t\t\t\t<div class=\"e-con-inner\">\n\t\t\t\t<div class=\"elementor-element elementor-element-1c53706 elementor-widget elementor-widget-shortcode\" data-id=\"1c53706\" data-element_type=\"widget\" data-e-type=\"widget\" data-widget_type=\"shortcode.default\">\n\t\t\t\t\t\t\t<div class=\"elementor-shortcode\">\r\n    <div class=\"wc-cat-container\" id=\"wc_cat_wrap_69d2685a5e00e\" data-main-view=\"1\">\r\n        <div class=\"wc-cat-search-wrap\">\r\n            <input class=\"wcCatSearch\" type=\"text\" placeholder=\"Buscar categor\u00edas o productos...\" \/>\r\n            <div class=\"wcCatNoResults\" style=\"display:none; margin-top:10px;\">No se han encontrado resultados.<\/div>\r\n        <\/div>\r\n\r\n        <div class=\"wc-cat-grid\">\r\n                    <a class=\"wc-cat-card\" \r\n           href=\"https:\/\/forjasdeviana.com\/fr\/categoria-producto\/accastillage-naval\/\" \r\n           data-search=\"accastillage naval bouchon de vidange inox mercrusier piton \u00e0 anneau piton \u00e0 rouleau\" \r\n           data-is-sub=\"0\" \r\n           >\r\n\r\n            <div class=\"wc-cat-img\" style=\"background-image:url('https:\/\/forjasdeviana.com\/wp-content\/uploads\/2026\/02\/portada-apartado-efectos-navales-300x120.webp')\"><\/div>\r\n            <div class=\"wc-cat-name\">Accastillage naval<\/div>\r\n        <\/a>\r\n                <a class=\"wc-cat-card\" \r\n           href=\"https:\/\/forjasdeviana.com\/fr\/categoria-producto\/ferronnerie-dart\/\" \r\n           data-search=\"ferronnerie d&#039;art ornement boule anneau carr\u00e9 anneau forg\u00e9 anneau forg\u00e9 de finition bague forg\u00e9e finition escalier balustre balustre balustre balustre balustre barre d\u00e9form\u00e9e boule avec vis boule d\u2019escalier boule d\u2019escalier centre de balcon clou \u00e0 boule clou \u00e0 pommeau ferrure de cha\u00eene nouveaut\u00e9 poire forg\u00e9e poire forg\u00e9e pommeau pommeau avec vis\" \r\n           data-is-sub=\"0\" \r\n           >\r\n\r\n            <div class=\"wc-cat-img\" style=\"background-image:url('https:\/\/forjasdeviana.com\/wp-content\/uploads\/2026\/02\/portada-apartado-forja-artistica-300x212.webp')\"><\/div>\r\n            <div class=\"wc-cat-name\">Ferronnerie d&#039;art<\/div>\r\n        <\/a>\r\n                <a class=\"wc-cat-card\" \r\n           href=\"https:\/\/forjasdeviana.com\/fr\/categoria-producto\/pieces-detachees-agricoles\/\" \r\n           data-search=\"pi\u00e8ces d\u00e9tach\u00e9es agricoles pi\u00e8ce de rechange agricole mt-1 pi\u00e8ce de rechange agricole mt-2 pi\u00e8ce de rechange agricole mt-3 pi\u00e8ce de rechange agricole mt-4 pi\u00e8ce de rechange agricole mt-5 pi\u00e8ce de rechange agricole mt-6 pi\u00e8ce de rechange agricole mt-7 pi\u00e8ce de rechange agricole mt-8 pi\u00e8ce de rechange agricole mt-9 pi\u00e8ce de rechange agricole mt-10 pi\u00e8ce agricole mt-11 pi\u00e8ce agricole mt-12 rechange agricole mt-13 pi\u00e8ce de rechange agricole mt-14 soc de cultivateur soc chisel lame de vigne\" \r\n           data-is-sub=\"0\" \r\n           >\r\n\r\n            <div class=\"wc-cat-img\" style=\"background-image:url('https:\/\/forjasdeviana.com\/wp-content\/uploads\/2026\/03\/reja-chisel-300x200.jpg')\"><\/div>\r\n            <div class=\"wc-cat-name\">Pi\u00e8ces d\u00e9tach\u00e9es agricoles<\/div>\r\n        <\/a>\r\n                <a class=\"wc-cat-card\" \r\n           href=\"https:\/\/forjasdeviana.com\/fr\/categoria-producto\/timons-de-fleche\/\" \r\n           data-search=\"timons de fl\u00e8che homologu\u00e9 axe de 45 brut axe de 45 usin\u00e9 homologu\u00e9 homologu\u00e9 essieu de 60 brut axe de 60 usin\u00e9 homologu\u00e9 essieu de 70 homologu\u00e9 brut axe de 70 usin\u00e9 homologu\u00e9 homologu\u00e9 axe de 85 brut axe 85 usin\u00e9 homologu\u00e9 longueur axe 45 brut axe long usin\u00e9 45 ancien axe 45 brut ancien axe 45 usin\u00e9 attelage \u00e0 boule axe de 85 rotule d&rsquo;attelage avec platine\" \r\n           data-is-sub=\"0\" \r\n           >\r\n\r\n            <div class=\"wc-cat-img\" style=\"background-image:url('https:\/\/forjasdeviana.com\/wp-content\/uploads\/2026\/03\/tiro-de-bola-eje-85-1-300x85.png')\"><\/div>\r\n            <div class=\"wc-cat-name\">Timons de fl\u00e8che<\/div>\r\n        <\/a>\r\n                <a class=\"wc-cat-card\" \r\n           href=\"https:\/\/forjasdeviana.com\/fr\/categoria-producto\/herrajes-para-carroceria\/\" \r\n           data-search=\"pi\u00e8ces de fixation de carrosserie divers femelles de charni\u00e8re charni\u00e8res basculantes m\u00e2les de charni\u00e8re crochets charni\u00e8res lat\u00e9rales compl\u00e8tes charni\u00e8res arri\u00e8re compl\u00e8tes verrous crochets ou attaches loquets d&#039;enclos fermetures lat\u00e9rales fermetures arri\u00e8re tendeurs charni\u00e8res en t\u00f4le piliers et coins allong\u00e9es anneau de levage collier bande anneau d&rsquo;arrimage encastrable anneau filet\u00e9 ar-1 anneau de levage filet\u00e9 ar-2 ar-2 rondelle conique charni\u00e8re charni\u00e8re basculante cgb-\u00f830 charni\u00e8re basculante cgb-\u00f842 charni\u00e8re en t\u00f4le charni\u00e8re en t\u00f4le charni\u00e8re pivotante hb-8 charni\u00e8re \u00e9querre basculante hb2 g\u00e9ante charni\u00e8re de benne lat\u00e9rale bl-1 charni\u00e8re benne lat\u00e9rale bl-2 charni\u00e8re arri\u00e8re pour benne charni\u00e8res avec douille en nylon charni\u00e8res \u00e9querres basculantes axe de conteneur de 115 mm boulon conteneur de 65 mm c\u00e2ble tendeur verrou \u00e0 croisillon verrou \u00e0 poign\u00e9e ferm\u00e9e verrou \u00e0 poign\u00e9e en croix verrou \u00e0 poign\u00e9e en croix court verrou \u00e0 visser verrou type viana plaques de coffrage ch01 t\u00f4les de coffrage ch02 fermeture allemande fermeture catalane fermeture catalane avec poign\u00e9e ouverte fermeture \u00e0 goupille fermeture de s\u00e9curit\u00e9 fermeture \u00e0 crochet de porte arri\u00e8re fermeture de ridoir loquet d&rsquo;enclos ouvert fermeture d\u2019\u00e9levage \u00e0 anneau fermeture agricole \u00f810 fermeture \u00e0 chape r\u00e9glable grenouill\u00e8re \u00e0 ressort fermoir \u00e0 ressort invers\u00e9 fermeture \u00e0 bec fermeture portes arri\u00e8re loquet semi-g\u00e9ant loquet arri\u00e8re g\u00e9ant ensemble fermeture arri\u00e8re ensemble came et cr\u00e9mone court coin coulissant coins forg\u00e9s dent de herse sp\u00e9cial crochet de levage crochet pour anneau filet\u00e9 crochet tendeur crochets de forge g-1 crochets de forge g-3 crochets de forge g-4 crochets de forge g-6 crochets de forge g-8 crochets en tige agrafe ch\u00e2ssis agrafe tir h-20 femelle femelle de rotation hb-3 charni\u00e8re femelle pivotante hb-4 femelle h-13 femelle h-15 &#8211; h-30 femelle tir \u00e9triers de frein kit charni\u00e8re basculante lisses m\u00e2le c-11 m\u00e2les de charni\u00e8re m-1 m\u00e2les de charni\u00e8re m-2 &#8211; m-4 m\u00e2les de charni\u00e8re m-5 &#8211; m-6 m\u00e2les de charni\u00e8re m-7 gonds de charni\u00e8re m-8 poign\u00e9es filet\u00e9es mg-2 pour aluminium pour aluminium h-16 pour aluminium h-17 &#8211; h-18 pour conteneurs h-14 pour conteneurs h-20 pour conteneurs h-28 pour profil omega pour profil en u pour soudure et aluminium piliers coniques lame de vigne roue de conteneur simple support charni\u00e8re \u00e9querre shb grand support de ch\u00e2ssis support de ch\u00e2ssis petit support de ch\u00e2ssis u tir 10 tir ouvert ferm\u00e9 herm\u00e9tiquement tir deux appuis vis pour poign\u00e9es treuil tendeur treuil tendeur pour \u00e9lingues tendeur renforc\u00e9 patte fixe crochets articul\u00e9s u-6 crochets articul\u00e9s u-7 pattes articul\u00e9es u-8 crochets articul\u00e9s u-9 griffes fixes\" \r\n           data-is-sub=\"0\" \r\n           >\r\n\r\n            <div class=\"wc-cat-img\" style=\"background-image:url('https:\/\/forjasdeviana.com\/wp-content\/uploads\/2026\/02\/hero_catalogo_b97a56b0-300x94.jpg')\"><\/div>\r\n            <div class=\"wc-cat-name\">pi\u00e8ces de fixation de carrosserie<\/div>\r\n        <\/a>\r\n                <a class=\"wc-cat-card\" \r\n           href=\"https:\/\/forjasdeviana.com\/fr\/categoria-producto\/herrajes-para-carroceria\/divers\/\" \r\n           data-search=\"divers anneau de levage collier bande anneau d&rsquo;arrimage encastrable anneau filet\u00e9 ar-1 anneau de levage filet\u00e9 ar-2 ar-2 rondelle conique axe de conteneur de 115 mm boulon conteneur de 65 mm c\u00e2ble tendeur plaques de coffrage ch01 t\u00f4les de coffrage ch02 fermeture \u00e0 crochet de porte arri\u00e8re fermeture de ridoir court dent de herse sp\u00e9cial crochet de levage crochet pour anneau filet\u00e9 agrafe ch\u00e2ssis \u00e9triers de frein lame de vigne roue de conteneur simple grand support de ch\u00e2ssis support de ch\u00e2ssis petit support de ch\u00e2ssis u\" \r\n           data-is-sub=\"1\" \r\n           style=\"display:none;\">\r\n\r\n            <div class=\"wc-cat-img\" style=\"background-image:url('https:\/\/forjasdeviana.com\/wp-content\/uploads\/2026\/01\/303_9bfd7bdd-300x300.jpg')\"><\/div>\r\n            <div class=\"wc-cat-name\">Divers<\/div>\r\n        <\/a>\r\n                <a class=\"wc-cat-card\" \r\n           href=\"https:\/\/forjasdeviana.com\/fr\/categoria-producto\/herrajes-para-carroceria\/femelles-de-charniere\/\" \r\n           data-search=\"femelles de charni\u00e8re allong\u00e9es h-20 femelle femelle h-13 femelle h-15 &#8211; h-30 femelle tir lisses pour aluminium h-16 pour aluminium h-17 &#8211; h-18 pour conteneurs h-14 pour conteneurs h-20 pour conteneurs h-28 pour profil omega pour profil en u\" \r\n           data-is-sub=\"1\" \r\n           style=\"display:none;\">\r\n\r\n            <div class=\"wc-cat-img\" style=\"background-image:url('https:\/\/forjasdeviana.com\/wp-content\/uploads\/2026\/01\/292_a75336ba-300x300.jpg')\"><\/div>\r\n            <div class=\"wc-cat-name\">Femelles de charni\u00e8re<\/div>\r\n        <\/a>\r\n                <a class=\"wc-cat-card\" \r\n           href=\"https:\/\/forjasdeviana.com\/fr\/categoria-producto\/herrajes-para-carroceria\/charnieres-basculantes\/\" \r\n           data-search=\"charni\u00e8res basculantes charni\u00e8re basculante cgb-\u00f830 charni\u00e8re basculante cgb-\u00f842 charni\u00e8re pivotante hb-8 charni\u00e8re \u00e9querre basculante hb2 g\u00e9ante charni\u00e8res \u00e9querres basculantes femelle de rotation hb-3 charni\u00e8re femelle pivotante hb-4 kit charni\u00e8re basculante support charni\u00e8re \u00e9querre shb\" \r\n           data-is-sub=\"1\" \r\n           style=\"display:none;\">\r\n\r\n            <div class=\"wc-cat-img\" style=\"background-image:url('https:\/\/forjasdeviana.com\/wp-content\/uploads\/2026\/03\/364_71f4793d-1-300x207.jpg')\"><\/div>\r\n            <div class=\"wc-cat-name\">Charni\u00e8res basculantes<\/div>\r\n        <\/a>\r\n                <a class=\"wc-cat-card\" \r\n           href=\"https:\/\/forjasdeviana.com\/fr\/categoria-producto\/herrajes-para-carroceria\/males-de-charniere\/\" \r\n           data-search=\"m\u00e2les de charni\u00e8re m\u00e2les de charni\u00e8re m-1 m\u00e2les de charni\u00e8re m-2 &#8211; m-4 m\u00e2les de charni\u00e8re m-5 &#8211; m-6 m\u00e2les de charni\u00e8re m-7 gonds de charni\u00e8re m-8\" \r\n           data-is-sub=\"1\" \r\n           style=\"display:none;\">\r\n\r\n            <div class=\"wc-cat-img\" style=\"background-image:url('https:\/\/forjasdeviana.com\/wp-content\/uploads\/2026\/01\/290_83a44ed1-300x300.jpg')\"><\/div>\r\n            <div class=\"wc-cat-name\">M\u00e2les de charni\u00e8re<\/div>\r\n        <\/a>\r\n                <a class=\"wc-cat-card\" \r\n           href=\"https:\/\/forjasdeviana.com\/fr\/categoria-producto\/herrajes-para-carroceria\/crochets\/\" \r\n           data-search=\"crochets crochet tendeur crochets de forge g-1 crochets de forge g-3 crochets de forge g-4 crochets de forge g-6 crochets de forge g-8 crochets en tige\" \r\n           data-is-sub=\"1\" \r\n           style=\"display:none;\">\r\n\r\n            <div class=\"wc-cat-img\" style=\"background-image:url('https:\/\/forjasdeviana.com\/wp-content\/uploads\/2026\/01\/298_29acf9f4-300x300.jpg')\"><\/div>\r\n            <div class=\"wc-cat-name\">Crochets<\/div>\r\n        <\/a>\r\n                <a class=\"wc-cat-card\" \r\n           href=\"https:\/\/forjasdeviana.com\/fr\/categoria-producto\/herrajes-para-carroceria\/charnieres-laterales-completes\/\" \r\n           data-search=\"charni\u00e8res lat\u00e9rales compl\u00e8tes charni\u00e8re en t\u00f4le agrafe tir pour aluminium pour soudure et aluminium tir 10 tir ouvert ferm\u00e9 herm\u00e9tiquement tir deux appuis\" \r\n           data-is-sub=\"1\" \r\n           style=\"display:none;\">\r\n\r\n            <div class=\"wc-cat-img\" style=\"background-image:url('https:\/\/forjasdeviana.com\/wp-content\/uploads\/2026\/01\/295_64ca9623-300x300.jpg')\"><\/div>\r\n            <div class=\"wc-cat-name\">Charni\u00e8res lat\u00e9rales compl\u00e8tes<\/div>\r\n        <\/a>\r\n                <a class=\"wc-cat-card\" \r\n           href=\"https:\/\/forjasdeviana.com\/fr\/categoria-producto\/herrajes-para-carroceria\/charnieres-arriere-completes\/\" \r\n           data-search=\"charni\u00e8res arri\u00e8re compl\u00e8tes charni\u00e8re charni\u00e8re de benne lat\u00e9rale bl-1 charni\u00e8re benne lat\u00e9rale bl-2 charni\u00e8re arri\u00e8re pour benne charni\u00e8res avec douille en nylon\" \r\n           data-is-sub=\"1\" \r\n           style=\"display:none;\">\r\n\r\n            <div class=\"wc-cat-img\" style=\"background-image:url('https:\/\/forjasdeviana.com\/wp-content\/uploads\/2026\/01\/296_fe5bce83-300x300.jpg')\"><\/div>\r\n            <div class=\"wc-cat-name\">Charni\u00e8res arri\u00e8re compl\u00e8tes<\/div>\r\n        <\/a>\r\n                <a class=\"wc-cat-card\" \r\n           href=\"https:\/\/forjasdeviana.com\/fr\/categoria-producto\/herrajes-para-carroceria\/verrous\/\" \r\n           data-search=\"verrous verrou \u00e0 croisillon verrou \u00e0 poign\u00e9e ferm\u00e9e verrou \u00e0 poign\u00e9e en croix verrou \u00e0 poign\u00e9e en croix court verrou \u00e0 visser\" \r\n           data-is-sub=\"1\" \r\n           style=\"display:none;\">\r\n\r\n            <div class=\"wc-cat-img\" style=\"background-image:url('https:\/\/forjasdeviana.com\/wp-content\/uploads\/2026\/01\/291_a2843af1-300x300.jpg')\"><\/div>\r\n            <div class=\"wc-cat-name\">Verrous<\/div>\r\n        <\/a>\r\n                <a class=\"wc-cat-card\" \r\n           href=\"https:\/\/forjasdeviana.com\/fr\/categoria-producto\/herrajes-para-carroceria\/crochets-ou-attaches\/\" \r\n           data-search=\"crochets ou attaches patte fixe crochets articul\u00e9s u-6 crochets articul\u00e9s u-7 pattes articul\u00e9es u-8 crochets articul\u00e9s u-9 griffes fixes\" \r\n           data-is-sub=\"1\" \r\n           style=\"display:none;\">\r\n\r\n            <div class=\"wc-cat-img\" style=\"background-image:url('https:\/\/forjasdeviana.com\/wp-content\/uploads\/2026\/01\/288_0a385294-300x300.jpg')\"><\/div>\r\n            <div class=\"wc-cat-name\">Crochets ou attaches<\/div>\r\n        <\/a>\r\n                <a class=\"wc-cat-card\" \r\n           href=\"https:\/\/forjasdeviana.com\/fr\/categoria-producto\/herrajes-para-carroceria\/loquets-denclos\/\" \r\n           data-search=\"loquets d&#039;enclos loquet d&rsquo;enclos ouvert fermeture d\u2019\u00e9levage \u00e0 anneau fermeture agricole \u00f810\" \r\n           data-is-sub=\"1\" \r\n           style=\"display:none;\">\r\n\r\n            <div class=\"wc-cat-img\" style=\"background-image:url('https:\/\/forjasdeviana.com\/wp-content\/uploads\/2026\/01\/289_686f9358-300x300.jpg')\"><\/div>\r\n            <div class=\"wc-cat-name\">Loquets d&#039;enclos<\/div>\r\n        <\/a>\r\n                <a class=\"wc-cat-card\" \r\n           href=\"https:\/\/forjasdeviana.com\/fr\/categoria-producto\/herrajes-para-carroceria\/fermetures-laterales\/\" \r\n           data-search=\"fermetures lat\u00e9rales fermeture allemande grenouill\u00e8re \u00e0 ressort fermoir \u00e0 ressort invers\u00e9 fermeture \u00e0 bec poign\u00e9es filet\u00e9es vis pour poign\u00e9es\" \r\n           data-is-sub=\"1\" \r\n           style=\"display:none;\">\r\n\r\n            <div class=\"wc-cat-img\" style=\"background-image:url('https:\/\/forjasdeviana.com\/wp-content\/uploads\/2026\/01\/286_f4ef3132-300x300.jpg')\"><\/div>\r\n            <div class=\"wc-cat-name\">Fermetures lat\u00e9rales<\/div>\r\n        <\/a>\r\n                <a class=\"wc-cat-card\" \r\n           href=\"https:\/\/forjasdeviana.com\/fr\/categoria-producto\/herrajes-para-carroceria\/fermetures-arriere\/\" \r\n           data-search=\"fermetures arri\u00e8re verrou type viana fermeture catalane fermeture catalane avec poign\u00e9e ouverte fermeture \u00e0 goupille fermeture de s\u00e9curit\u00e9 fermeture \u00e0 chape r\u00e9glable fermeture portes arri\u00e8re loquet semi-g\u00e9ant loquet arri\u00e8re g\u00e9ant ensemble fermeture arri\u00e8re ensemble came et cr\u00e9mone m\u00e2le c-11 mg-2\" \r\n           data-is-sub=\"1\" \r\n           style=\"display:none;\">\r\n\r\n            <div class=\"wc-cat-img\" style=\"background-image:url('https:\/\/forjasdeviana.com\/wp-content\/uploads\/2026\/01\/287_e51f84c0-300x300.jpg')\"><\/div>\r\n            <div class=\"wc-cat-name\">Fermetures arri\u00e8re<\/div>\r\n        <\/a>\r\n                <a class=\"wc-cat-card\" \r\n           href=\"https:\/\/forjasdeviana.com\/fr\/categoria-producto\/herrajes-para-carroceria\/tendeurs\/\" \r\n           data-search=\"tendeurs treuil tendeur treuil tendeur pour \u00e9lingues tendeur renforc\u00e9\" \r\n           data-is-sub=\"1\" \r\n           style=\"display:none;\">\r\n\r\n            <div class=\"wc-cat-img\" style=\"background-image:url('https:\/\/forjasdeviana.com\/wp-content\/uploads\/2026\/01\/304_06ef8810-300x300.jpg')\"><\/div>\r\n            <div class=\"wc-cat-name\">Tendeurs<\/div>\r\n        <\/a>\r\n                <a class=\"wc-cat-card\" \r\n           href=\"https:\/\/forjasdeviana.com\/fr\/categoria-producto\/herrajes-para-carroceria\/charnieres-en-tole\/\" \r\n           data-search=\"charni\u00e8res en t\u00f4le charni\u00e8re en t\u00f4le\" \r\n           data-is-sub=\"1\" \r\n           style=\"display:none;\">\r\n\r\n            <div class=\"wc-cat-img\" style=\"background-image:url('https:\/\/forjasdeviana.com\/wp-content\/uploads\/2026\/01\/297_7fdbf36e-300x300.jpg')\"><\/div>\r\n            <div class=\"wc-cat-name\">Charni\u00e8res en t\u00f4le<\/div>\r\n        <\/a>\r\n                <a class=\"wc-cat-card\" \r\n           href=\"https:\/\/forjasdeviana.com\/fr\/categoria-producto\/herrajes-para-carroceria\/piliers-et-coins\/\" \r\n           data-search=\"piliers et coins coin coulissant coins forg\u00e9s piliers coniques\" \r\n           data-is-sub=\"1\" \r\n           style=\"display:none;\">\r\n\r\n            <div class=\"wc-cat-img\" style=\"background-image:url('https:\/\/forjasdeviana.com\/wp-content\/uploads\/2026\/01\/301_77b38ecd-300x300.jpg')\"><\/div>\r\n            <div class=\"wc-cat-name\">Piliers et coins<\/div>\r\n        <\/a>\r\n                <\/div>\r\n    <\/div>\r\n\r\n    <style>\r\n        .wc-cat-search-wrap { max-width:520px; margin:0 0 20px 0; }\r\n        .wcCatSearch {\r\n            width:100%;\r\n            padding:12px 14px;\r\n            border:1px solid #ddd;\r\n            border-radius:8px;\r\n            font-size:16px;\r\n        }\r\n        .wcCatNoResults { color:#666; font-size:14px; }\r\n        .wc-cat-grid {\r\n            display:grid;\r\n            grid-template-columns:repeat(4,minmax(0,1fr));\r\n            gap:20px;\r\n        }\r\n        .wc-cat-card {\r\n            display:block;\r\n            text-decoration:none;\r\n            border:1px solid #063941;\r\n            border-radius:12px;\r\n            overflow:hidden;\r\n            transition:all .2s ease;\r\n        }\r\n        .wc-cat-card:hover {\r\n            transform:translateY(-4px);\r\n            box-shadow:0 8px 20px #8FCFD93D;\r\n        }\r\n        .wc-cat-img {\r\n            width:100%;\r\n            aspect-ratio:4\/3;\r\n            background-size:contain;\r\n\t\t\tbackground-repeat: no-repeat;\r\n            background-position:center;\r\n            background-color:#fff;\r\n        }\r\n        .wc-cat-name {\r\n            font-size:1.5rem;\r\n            padding:14px;\r\n            font-weight:400;\r\n            color:#063941;\r\n            text-align:center;\r\n        }\r\n        @media (max-width:1024px){.wc-cat-grid{grid-template-columns:repeat(3,1fr)}}\r\n        @media (max-width:767px){.wc-cat-grid{grid-template-columns:repeat(2,1fr)}}\r\n    <\/style>\r\n\r\n    <script>\r\n    (function(){\r\n        const container = document.getElementById('wc_cat_wrap_69d2685a5e00e');\r\n        if (!container) return;\r\n\r\n        const input = container.querySelector('.wcCatSearch');\r\n        const cards = container.querySelectorAll('.wc-cat-card');\r\n        const noResults = container.querySelector('.wcCatNoResults');\r\n        \r\n        const isMainView = container.getAttribute('data-main-view') === '1';\r\n\r\n        const norm = (s) => (s || '')\r\n            .toLowerCase()\r\n            .normalize('NFD')\r\n            .replace(\/[\\u0300-\\u036f]\/g, '')\r\n            .trim();\r\n\r\n        if (!input || !cards.length) return;\r\n\r\n        input.addEventListener('input', function(){\r\n            const q = norm(this.value);\r\n            let visible = 0;\r\n\r\n            cards.forEach(card => {\r\n                const text = norm(card.getAttribute('data-search'));\r\n                const isSub = card.getAttribute('data-is-sub') === '1';\r\n                let show = false;\r\n\r\n                if (isMainView) {\r\n                    if (q.length < 3) {\r\n                        show = isSub ? false : (q === '' ? true : text.includes(q));\r\n                    } else {\r\n                        show = text.includes(q);\r\n                    }\r\n                } else {\r\n                    show = (q === '') ? true : text.includes(q);\r\n                }\r\n\r\n                card.style.display = show ? '' : 'none';\r\n                if (show) visible++;\r\n            });\r\n\r\n            if (noResults) {\r\n                noResults.style.display = (visible === 0) ? '' : 'none';\r\n            }\r\n        });\r\n    })();\r\n    <\/script>\r\n\r\n    <\/div>\n\t\t\t\t\t\t<\/div>\n\t\t\t\t\t<\/div>\n\t\t\t\t<\/div>\n\t\t\t\t<\/div>\n\t\t","protected":false},"excerpt":{"rendered":"<p>Catalogue de produits propres<\/p>\n","protected":false},"author":1,"featured_media":0,"parent":0,"menu_order":0,"comment_status":"closed","ping_status":"closed","template":"elementor_header_footer","meta":{"footnotes":""},"class_list":["post-6178","page","type-page","status-publish","hentry"],"_links":{"self":[{"href":"https:\/\/forjasdeviana.com\/fr\/wp-json\/wp\/v2\/pages\/6178","targetHints":{"allow":["GET"]}}],"collection":[{"href":"https:\/\/forjasdeviana.com\/fr\/wp-json\/wp\/v2\/pages"}],"about":[{"href":"https:\/\/forjasdeviana.com\/fr\/wp-json\/wp\/v2\/types\/page"}],"author":[{"embeddable":true,"href":"https:\/\/forjasdeviana.com\/fr\/wp-json\/wp\/v2\/users\/1"}],"replies":[{"embeddable":true,"href":"https:\/\/forjasdeviana.com\/fr\/wp-json\/wp\/v2\/comments?post=6178"}],"version-history":[{"count":1,"href":"https:\/\/forjasdeviana.com\/fr\/wp-json\/wp\/v2\/pages\/6178\/revisions"}],"predecessor-version":[{"id":6179,"href":"https:\/\/forjasdeviana.com\/fr\/wp-json\/wp\/v2\/pages\/6178\/revisions\/6179"}],"wp:attachment":[{"href":"https:\/\/forjasdeviana.com\/fr\/wp-json\/wp\/v2\/media?parent=6178"}],"curies":[{"name":"wp","href":"https:\/\/api.w.org\/{rel}","templated":true}]}}