{"id":6167,"date":"2026-01-08T11:19:40","date_gmt":"2026-01-08T10:19:40","guid":{"rendered":"https:\/\/forjasdeviana.com\/politique-relative-aux-cookies\/"},"modified":"2026-03-31T10:00:54","modified_gmt":"2026-03-31T08:00:54","slug":"politique-relative-aux-cookies","status":"publish","type":"page","link":"https:\/\/forjasdeviana.com\/fr\/politique-relative-aux-cookies\/","title":{"rendered":"Politique relative aux cookies"},"content":{"rendered":"\t\t<div data-elementor-type=\"wp-page\" data-elementor-id=\"6167\" class=\"elementor elementor-6167 elementor-2787\" data-elementor-post-type=\"page\">\n\t\t\t\t<div class=\"elementor-element elementor-element-3984745 e-flex e-con-boxed e-con e-parent\" data-id=\"3984745\" data-element_type=\"container\" data-e-type=\"container\" data-settings=\"{&quot;background_background&quot;:&quot;classic&quot;}\">\n\t\t\t\t\t<div class=\"e-con-inner\">\n\t\t<div class=\"elementor-element elementor-element-1bf7678 e-con-full e-flex e-con e-child\" data-id=\"1bf7678\" data-element_type=\"container\" data-e-type=\"container\" data-settings=\"{&quot;background_background&quot;:&quot;classic&quot;}\">\n\t\t\t\t<div class=\"elementor-element elementor-element-a989871 elementor-widget elementor-widget-heading\" data-id=\"a989871\" data-element_type=\"widget\" data-e-type=\"widget\" data-widget_type=\"heading.default\">\n\t\t\t\t\t<h2 class=\"elementor-heading-title elementor-size-default\">Politique relative aux cookies<\/h2>\t\t\t\t<\/div>\n\t\t\t\t<\/div>\n\t\t\t\t\t<\/div>\n\t\t\t\t<\/div>\n\t\t<div class=\"elementor-element elementor-element-8f3b8d5 e-flex e-con-boxed e-con e-parent\" data-id=\"8f3b8d5\" data-element_type=\"container\" data-e-type=\"container\">\n\t\t\t\t\t<div class=\"e-con-inner\">\n\t\t\t\t<div class=\"elementor-element elementor-element-07585c0 elementor-widget elementor-widget-text-editor\" data-id=\"07585c0\" data-element_type=\"widget\" data-e-type=\"widget\" data-widget_type=\"text-editor.default\">\n\t\t\t\t\t\t\t\t\t<p>Ce site web utilise des cookies lorsqu\u2019un utilisateur navigue sur ses pages. Les cookies sont des fichiers envoy\u00e9s \u00e0 un navigateur par l\u2019interm\u00e9diaire d\u2019un serveur web afin d\u2019enregistrer les activit\u00e9s de l\u2019utilisateur sur le site web et de lui permettre une navigation plus fluide et personnalis\u00e9e. L\u2019utilisateur a la possibilit\u00e9 de configurer son navigateur pour emp\u00eacher l\u2019entr\u00e9e de ceux-ci, les bloquer ou, le cas \u00e9ch\u00e9ant, les supprimer.  <\/p><p>De m\u00eame, les serveurs web du site d\u00e9tectent automatiquement l\u2019adresse IP et le nom du r\u00e9seau utilis\u00e9s par l\u2019utilisateur. Toutes ces informations sont enregistr\u00e9es dans un fichier d\u2019activit\u00e9 du serveur qui permet le traitement ult\u00e9rieur des donn\u00e9es afin d\u2019obtenir des mesures statistiques permettant de conna\u00eetre le nombre d\u2019impressions de pages, le nombre de visites effectu\u00e9es sur les services web, etc. <\/p>\t\t\t\t\t\t\t\t<\/div>\n\t\t\t\t<div class=\"elementor-element elementor-element-6b018dc elementor-widget elementor-widget-heading\" data-id=\"6b018dc\" data-element_type=\"widget\" data-e-type=\"widget\" data-widget_type=\"heading.default\">\n\t\t\t\t\t<h2 class=\"elementor-heading-title elementor-size-default\">Qu\u2019est-ce qu\u2019un cookie ?<\/h2>\t\t\t\t<\/div>\n\t\t\t\t<div class=\"elementor-element elementor-element-503af07 elementor-widget elementor-widget-text-editor\" data-id=\"503af07\" data-element_type=\"widget\" data-e-type=\"widget\" data-widget_type=\"text-editor.default\">\n\t\t\t\t\t\t\t\t\t<p>Un cookie est un fichier qui se t\u00e9l\u00e9charge sur l\u2019\u00e9quipement (ordinateur\/smartphone\/tablette) de l\u2019utilisateur lors de l\u2019acc\u00e8s \u00e0 certaines pages web afin de stocker et de r\u00e9cup\u00e9rer des informations sur la navigation effectu\u00e9e depuis ledit \u00e9quipement.<\/p>\t\t\t\t\t\t\t\t<\/div>\n\t\t\t\t<div class=\"elementor-element elementor-element-44977cf elementor-widget elementor-widget-heading\" data-id=\"44977cf\" data-element_type=\"widget\" data-e-type=\"widget\" data-widget_type=\"heading.default\">\n\t\t\t\t\t<h2 class=\"elementor-heading-title elementor-size-default\">Cookies utilis\u00e9s sur ce site web<\/h2>\t\t\t\t<\/div>\n\t\t\t\t<div class=\"elementor-element elementor-element-11d7920 elementor-widget elementor-widget-text-editor\" data-id=\"11d7920\" data-element_type=\"widget\" data-e-type=\"widget\" data-widget_type=\"text-editor.default\">\n\t\t\t\t\t\t\t\t\t<p>Conform\u00e9ment aux directives de l\u2019Agence Espagnole de Protection des Donn\u00e9es, nous proc\u00e9dons \u00e0 d\u00e9tailler l\u2019utilisation des cookies faite par ce site afin de vous informer avec la plus grande exactitude possible.<\/p><p>Cette page utilise diff\u00e9rents types de cookies. Certains cookies sont plac\u00e9s par des services tiers qui apparaissent sur nos pages. <\/p>\t\t\t\t\t\t\t\t<\/div>\n\t\t\t\t<div class=\"elementor-element elementor-element-6b7dea7 elementor-widget elementor-widget-heading\" data-id=\"6b7dea7\" data-element_type=\"widget\" data-e-type=\"widget\" data-widget_type=\"heading.default\">\n\t\t\t\t\t<h2 class=\"elementor-heading-title elementor-size-default\">Selon la dur\u00e9e pendant laquelle ils restent actifs, nous pouvons distinguer :<\/h2>\t\t\t\t<\/div>\n\t\t\t\t<div class=\"elementor-element elementor-element-1c00ccc elementor-widget elementor-widget-text-editor\" data-id=\"1c00ccc\" data-element_type=\"widget\" data-e-type=\"widget\" data-widget_type=\"text-editor.default\">\n\t\t\t\t\t\t\t\t\t<ul><li>Cookies de session : ce sont des cookies temporaires qui n\u2019existent que jusqu\u2019\u00e0 ce que vous fermiez le navigateur que vous utilisez pour acc\u00e9der au site.<\/li><li>Cookies durables ou persistants : ce sont des cookies qui restent dans votre fichier de cookies apr\u00e8s que vous avez visit\u00e9 notre site. Ces cookies nous aident \u00e0 vous identifier lorsque vous revenez sur notre site. <\/li><\/ul>\t\t\t\t\t\t\t\t<\/div>\n\t\t\t\t<div class=\"elementor-element elementor-element-c734216 elementor-widget elementor-widget-heading\" data-id=\"c734216\" data-element_type=\"widget\" data-e-type=\"widget\" data-widget_type=\"heading.default\">\n\t\t\t\t\t<h2 class=\"elementor-heading-title elementor-size-default\">Selon leur finalit\u00e9 :<\/h2>\t\t\t\t<\/div>\n\t\t\t\t<div class=\"elementor-element elementor-element-c95e302 elementor-widget elementor-widget-text-editor\" data-id=\"c95e302\" data-element_type=\"widget\" data-e-type=\"widget\" data-widget_type=\"text-editor.default\">\n\t\t\t\t\t\t\t\t\t<ul><li>Cookies techniques : ce sont ceux qui permettent \u00e0 l\u2019utilisateur la navigation \u00e0 travers une page web, une plateforme ou une application et l\u2019utilisation des diff\u00e9rentes options ou services qui y existent comme, par exemple, contr\u00f4ler le trafic et la communication de donn\u00e9es, identifier la session, acc\u00e9der \u00e0 des parties d\u2019acc\u00e8s restreint, se souvenir des \u00e9l\u00e9ments qui composent une commande, r\u00e9aliser le processus d\u2019achat d\u2019une commande, effectuer la demande d\u2019inscription ou de participation \u00e0 un \u00e9v\u00e9nement, utiliser des \u00e9l\u00e9ments de s\u00e9curit\u00e9 pendant la navigation, stocker des contenus pour la diffusion de vid\u00e9os ou de sons ou partager des contenus \u00e0 travers les r\u00e9seaux sociaux.<\/li><li>Cookies de personnalisation : ce sont ceux qui permettent \u00e0 l\u2019utilisateur d\u2019acc\u00e9der au service avec certaines caract\u00e9ristiques d\u2019ordre g\u00e9n\u00e9ral pr\u00e9d\u00e9finies en fonction d\u2019une s\u00e9rie de crit\u00e8res sur le terminal de l\u2019utilisateur, comme par exemple la langue, le type de navigateur par lequel il acc\u00e8de au service, la configuration r\u00e9gionale d\u2019o\u00f9 il acc\u00e8de au service, etc.<\/li><li>Cookies d\u2019analyse : ce sont ceux qui permettent \u00e0 leur responsable le suivi et l\u2019analyse du comportement des utilisateurs des sites web auxquels ils sont li\u00e9s. Les informations recueillies par ce type de cookies sont utilis\u00e9es pour mesurer l\u2019activit\u00e9 des sites web, de l\u2019application ou de la plateforme et pour l\u2019\u00e9laboration de profils de navigation des utilisateurs desdits sites, applications et plateformes, afin d\u2019introduire des am\u00e9liorations en fonction de l\u2019analyse des donn\u00e9es d\u2019utilisation faites par les utilisateurs du service. Concernant le traitement des donn\u00e9es collect\u00e9es via les cookies d\u2019analyse, le groupe de travail de l\u2019article 29 a d\u00e9clar\u00e9 que, bien qu\u2019ils ne soient pas exempt\u00e9s de l\u2019obligation d\u2019obtenir un consentement \u00e9clair\u00e9 pour leur utilisation, il est peu probable qu\u2019ils repr\u00e9sentent un risque pour la vie priv\u00e9e des utilisateurs tant qu\u2019il s\u2019agit de cookies de premi\u00e8re partie, qu\u2019ils traitent des donn\u00e9es agr\u00e9g\u00e9es \u00e0 des fins strictement statistiques, que des informations sur leur utilisation soient fournies et que la possibilit\u00e9 pour les utilisateurs d\u2019exprimer leur refus quant \u00e0 leur utilisation soit incluse.  <\/li><li>Cookies publicitaires : ce sont ceux qui permettent la gestion, de la mani\u00e8re la plus efficace possible, des espaces publicitaires que, le cas \u00e9ch\u00e9ant, l\u2019\u00e9diteur a inclus sur une page web, une application ou une plateforme \u00e0 partir de laquelle il fournit le service demand\u00e9 sur la base de crit\u00e8res tels que le contenu \u00e9dit\u00e9 ou la fr\u00e9quence \u00e0 laquelle les annonces sont affich\u00e9es. Cookies de publicit\u00e9 comportementale : ce sont ceux qui permettent la gestion, de la mani\u00e8re la plus efficace possible, des espaces publicitaires que, le cas \u00e9ch\u00e9ant, l\u2019\u00e9diteur a inclus sur une page web, une application ou une plateforme \u00e0 partir de laquelle il fournit le service demand\u00e9. Ces cookies stockent des informations sur le comportement des utilisateurs obtenues gr\u00e2ce \u00e0 l\u2019observation continue de leurs habitudes de navigation, ce qui permet de d\u00e9velopper un profil sp\u00e9cifique pour afficher de la publicit\u00e9 en fonction de celui-ci.  <\/li><\/ul><p> <\/p><p>Les cookies qui sont install\u00e9s lors de la navigation sur ce site web sont :<\/p><ul><li>Cookies n\u00e9cessaires :<\/li><li>Cookies non n\u00e9cessaires :<\/li><\/ul><p>Dans le cas des cookies de Google Analytics, cette entreprise stocke les cookies sur des serveurs situ\u00e9s aux \u00c9tats-Unis et s\u2019engage \u00e0 ne pas les partager avec des tiers, sauf dans les cas o\u00f9 cela est n\u00e9cessaire pour le fonctionnement du syst\u00e8me ou lorsque la loi l\u2019exige \u00e0 cet effet. Selon Google, elle ne conserve pas votre adresse IP. Google Inc. est une soci\u00e9t\u00e9 adh\u00e9rant \u00e0 l\u2019Accord du Privacy Shield (Bouclier de protection des donn\u00e9es) qui garantit que toutes les donn\u00e9es transf\u00e9r\u00e9es seront trait\u00e9es avec un niveau de protection conforme \u00e0 la r\u00e9glementation europ\u00e9enne. Vous pouvez consulter des informations d\u00e9taill\u00e9es \u00e0 ce sujet via ce lien. Si vous souhaitez des informations sur l\u2019utilisation que Google fait des cookies, nous joignons cet autre lien.     <\/p><p>Si vous n\u2019\u00eates pas d\u2019accord avec le traitement des donn\u00e9es vous concernant sur cette page web, vous avez la possibilit\u00e9 de d\u00e9terminer avec un module compl\u00e9mentaire (add-on) que vous ne souhaitez pas que vos informations soient envoy\u00e9es \u00e0 Google Analytics concernant votre visite de la page via ce lien : <a href=\"http:\/\/tools.google.com\/dlpage\/gaoptout?hl=de\" target=\"_blank\" rel=\"noreferrer noopener\">http:\/\/tools.google.com\/dlpage\/gaoptout?hl=fr<\/a>. Informations d\u00e9taill\u00e9es sur la protection des donn\u00e9es de Google sur <a href=\"https:\/\/policies.google.com\/privacy?hl=es-419\" target=\"_blank\" rel=\"noreferrer noopener\">https:\/\/policies.google.com\/privacy?hl=fr<\/a> <\/p><p>Des vid\u00e9os peuvent \u00eatre int\u00e9gr\u00e9es sur ce site Web, en les lisant avec un lecteur YouTube int\u00e9gr\u00e9. L\u2019op\u00e9rateur de la plateforme vid\u00e9o YouTube est YouTube, LLC, 901 Cherry Ave., San Bruno, CA 94066, USA, repr\u00e9sent\u00e9e par Google Inc., 1600 Amphitheatre Parkway, Mountain View, CA 94043, USA. Si vous ouvrez une vid\u00e9o int\u00e9gr\u00e9e dans le lecteur YouTube sur notre site web, une connexion sera \u00e9tablie avec les serveurs de YouTube\/Google. Le serveur recevra votre adresse IP ainsi que l\u2019URL de la vid\u00e9o ouverte. Si vous \u00eates connect\u00e9 \u00e0 votre compte Google, YouTube\/Google peut attribuer ces informations \u00e0 votre profil personnel et les y modifier.<\/p><p>Si vous ne souhaitez pas que Google collecte des donn\u00e9es sur vous et les lie \u00e0 votre profil, vous devez vous d\u00e9connecter de Google avant de visiter notre site web. Vous pouvez consulter des informations d\u00e9taill\u00e9es sur la collecte et le traitement de vos donn\u00e9es par YouTube dans sa politique de confidentialit\u00e9, sur <a href=\"https:\/\/policies.google.com\/privacy?hl=es\" target=\"_blank\" rel=\"noreferrer noopener\">https:\/\/policies.google.com\/privacy?hl=fr<\/a> <\/p><p>Privacy Shield : <a href=\"https:\/\/www.privacyshield.gov\/participant?id=a2zt000000001L5AAI&amp;status=Active\" target=\"_blank\" rel=\"noreferrer noopener\">https:\/\/www.privacyshield.gov\/participant?id=a2zt000000001L5AAI&amp;status=Active<\/a>.<\/p>\t\t\t\t\t\t\t\t<\/div>\n\t\t\t\t<div class=\"elementor-element elementor-element-6b8a4cc elementor-widget elementor-widget-heading\" data-id=\"6b8a4cc\" data-element_type=\"widget\" data-e-type=\"widget\" data-widget_type=\"heading.default\">\n\t\t\t\t\t<h2 class=\"elementor-heading-title elementor-size-default\">Comment pouvez-vous configurer ou d\u00e9sactiver vos cookies ?<\/h2>\t\t\t\t<\/div>\n\t\t\t\t<div class=\"elementor-element elementor-element-088be95 elementor-widget elementor-widget-text-editor\" data-id=\"088be95\" data-element_type=\"widget\" data-e-type=\"widget\" data-widget_type=\"text-editor.default\">\n\t\t\t\t\t\t\t\t\t<p>En acc\u00e9dant au Site Web, vous recevrez un avis concernant l\u2019utilisation des cookies avec des informations de base et un lien vers la pr\u00e9sente Politique de Cookies. En particulier, vous donnez votre consentement explicite pour l\u2019installation des cookies n\u00e9cessaires en continuant \u00e0 naviguer sans changer votre configuration, et pour les cookies non n\u00e9cessaires en acceptant express\u00e9ment leur traitement. <\/p><p>Vous pourrez r\u00e9voquer le consentement accord\u00e9 pour l\u2019utilisation des cookies \u00e0 tout moment ; pour ce faire, l\u2019utilisateur a la possibilit\u00e9 d\u2019activer ou de d\u00e9sactiver les cookies en modifiant la configuration de son navigateur. Toutefois, ce qui pr\u00e9c\u00e8de n\u2019emp\u00eachera pas le stockage ou l\u2019acc\u00e8s \u00e9ventuel de nature technique dans le but d\u2019effectuer la transmission d\u2019une communication par un r\u00e9seau de communications \u00e9lectroniques ou, dans la mesure o\u00f9 cela est strictement n\u00e9cessaire, pour la fourniture d\u2019un service de la soci\u00e9t\u00e9 de l\u2019information express\u00e9ment demand\u00e9 par l\u2019Utilisateur. <\/p><p>Dans les liens suivants, vous trouverez toutes les informations pour configurer ou d\u00e9sactiver vos cookies dans chaque navigateur :<\/p><p><strong>Internet Explorer<\/strong> : <a href=\"https:\/\/support.microsoft.com\/es-es\/help\/17442\/windows-internet-explorer-delete-manage-cookies\" target=\"_blank\" rel=\"noreferrer noopener\">https:\/\/support.microsoft.com\/fr-fr\/help\/17442\/windows-internet-explorer-delete-manage-cookies<\/a><br><strong>Firefox<\/strong> : <a href=\"https:\/\/support.mozilla.org\/es\/kb\/habilitar-y-deshabilitar-cookies-que-los-sitios-we\" target=\"_blank\" rel=\"noreferrer noopener\">https:\/\/support.mozilla.org\/fr\/kb\/autoriser-et-desactiver-les-cookies-sur-les-sites-web<\/a><br><strong>Chrome<\/strong> : <a href=\"http:\/\/support.google.com\/chrome\/bin\/answer.py?hl=es&amp;answer=95647\" target=\"_blank\" rel=\"noreferrer noopener\">http:\/\/support.google.com\/chrome\/bin\/answer.py?hl=fr&amp;answer=95647<\/a><br><strong>Safari<\/strong> : <a href=\"https:\/\/support.apple.com\/es-es\/guide\/safari\/sfri11471\/mac\" target=\"_blank\" rel=\"noreferrer noopener\">https:\/\/support.apple.com\/fr-fr\/guide\/safari\/sfri11471\/mac<\/a><\/p>\t\t\t\t\t\t\t\t<\/div>\n\t\t\t\t\t<\/div>\n\t\t\t\t<\/div>\n\t\t\t\t<\/div>\n\t\t","protected":false},"excerpt":{"rendered":"<p>Politique relative aux cookies Ce site web utilise des cookies lorsqu\u2019un utilisateur navigue sur ses pages. Les cookies sont des fichiers envoy\u00e9s \u00e0 un navigateur par l\u2019interm\u00e9diaire d\u2019un serveur web afin d\u2019enregistrer les activit\u00e9s de l\u2019utilisateur sur le site web et de lui permettre une navigation plus fluide et personnalis\u00e9e. L\u2019utilisateur a la possibilit\u00e9 de [&hellip;]<\/p>\n","protected":false},"author":1,"featured_media":0,"parent":0,"menu_order":0,"comment_status":"closed","ping_status":"closed","template":"elementor_header_footer","meta":{"footnotes":""},"class_list":["post-6167","page","type-page","status-publish","hentry"],"_links":{"self":[{"href":"https:\/\/forjasdeviana.com\/fr\/wp-json\/wp\/v2\/pages\/6167","targetHints":{"allow":["GET"]}}],"collection":[{"href":"https:\/\/forjasdeviana.com\/fr\/wp-json\/wp\/v2\/pages"}],"about":[{"href":"https:\/\/forjasdeviana.com\/fr\/wp-json\/wp\/v2\/types\/page"}],"author":[{"embeddable":true,"href":"https:\/\/forjasdeviana.com\/fr\/wp-json\/wp\/v2\/users\/1"}],"replies":[{"embeddable":true,"href":"https:\/\/forjasdeviana.com\/fr\/wp-json\/wp\/v2\/comments?post=6167"}],"version-history":[{"count":1,"href":"https:\/\/forjasdeviana.com\/fr\/wp-json\/wp\/v2\/pages\/6167\/revisions"}],"predecessor-version":[{"id":6168,"href":"https:\/\/forjasdeviana.com\/fr\/wp-json\/wp\/v2\/pages\/6167\/revisions\/6168"}],"wp:attachment":[{"href":"https:\/\/forjasdeviana.com\/fr\/wp-json\/wp\/v2\/media?parent=6167"}],"curies":[{"name":"wp","href":"https:\/\/api.w.org\/{rel}","templated":true}]}}