{"id":6165,"date":"2026-01-08T11:14:26","date_gmt":"2026-01-08T10:14:26","guid":{"rendered":"https:\/\/forjasdeviana.com\/mentions-legales\/"},"modified":"2026-03-31T09:59:51","modified_gmt":"2026-03-31T07:59:51","slug":"mentions-legales","status":"publish","type":"page","link":"https:\/\/forjasdeviana.com\/fr\/mentions-legales\/","title":{"rendered":"Mentions l\u00e9gales"},"content":{"rendered":"\t\t<div data-elementor-type=\"wp-page\" data-elementor-id=\"6165\" class=\"elementor elementor-6165 elementor-2781\" data-elementor-post-type=\"page\">\n\t\t\t\t<div class=\"elementor-element elementor-element-e9ab4a0 e-flex e-con-boxed e-con e-parent\" data-id=\"e9ab4a0\" data-element_type=\"container\" data-e-type=\"container\" data-settings=\"{&quot;background_background&quot;:&quot;classic&quot;}\">\n\t\t\t\t\t<div class=\"e-con-inner\">\n\t\t<div class=\"elementor-element elementor-element-b89ae55 e-con-full e-flex e-con e-child\" data-id=\"b89ae55\" data-element_type=\"container\" data-e-type=\"container\" data-settings=\"{&quot;background_background&quot;:&quot;classic&quot;}\">\n\t\t\t\t<div class=\"elementor-element elementor-element-39f1c0d elementor-widget elementor-widget-heading\" data-id=\"39f1c0d\" data-element_type=\"widget\" data-e-type=\"widget\" data-widget_type=\"heading.default\">\n\t\t\t\t\t<h2 class=\"elementor-heading-title elementor-size-default\">Mentions l\u00e9gales<\/h2>\t\t\t\t<\/div>\n\t\t\t\t<\/div>\n\t\t\t\t\t<\/div>\n\t\t\t\t<\/div>\n\t\t<div class=\"elementor-element elementor-element-e8097df e-flex e-con-boxed e-con e-parent\" data-id=\"e8097df\" data-element_type=\"container\" data-e-type=\"container\">\n\t\t\t\t\t<div class=\"e-con-inner\">\n\t\t\t\t<div class=\"elementor-element elementor-element-4a63893 elementor-widget elementor-widget-text-editor\" data-id=\"4a63893\" data-element_type=\"widget\" data-e-type=\"widget\" data-widget_type=\"text-editor.default\">\n\t\t\t\t\t\t\t\t\t<p>Forjas de Viana, SA met \u00e0 disposition via ce site web <a href=\"https:\/\/forjasdeviana.com\/fr\/\">forjasdeviana.com<\/a> des informations d&rsquo;int\u00e9r\u00eat concernant son activit\u00e9, ses produits et services, ainsi que des informations, actualit\u00e9s ou services web connexes.<\/p><p>L&rsquo;utilisation de ce site web conf\u00e8re \u00e0 l&rsquo;internaute la qualit\u00e9 d&rsquo;utilisateur du site, ce qui implique l&rsquo;adh\u00e9sion aux pr\u00e9sentes conditions dans la version publi\u00e9e au moment de l&rsquo;acc\u00e8s \u00e0 celui-ci.<\/p><p>Forjas de Viana, SA accorde une attention particuli\u00e8re \u00e0 l&rsquo;exactitude et \u00e0 la pr\u00e9cision des informations du site web, proc\u00e9dant \u00e0 leur mise \u00e0 jour de mani\u00e8re p\u00e9riodique et corrigeant les erreurs d\u00e8s qu&rsquo;elles ont \u00e9t\u00e9 d\u00e9tect\u00e9es. Toutefois, Forjas de Viana, SA ne peut garantir que les informations soient actualis\u00e9es et l&rsquo;absence d&rsquo;erreurs \u00e0 tout moment.<\/p>\t\t\t\t\t\t\t\t<\/div>\n\t\t\t\t<div class=\"elementor-element elementor-element-76ee6a0 elementor-widget elementor-widget-heading\" data-id=\"76ee6a0\" data-element_type=\"widget\" data-e-type=\"widget\" data-widget_type=\"heading.default\">\n\t\t\t\t\t<h2 class=\"elementor-heading-title elementor-size-default\">Quelles donn\u00e9es personnelles nous collectons et pourquoi nous les collectons<\/h2>\t\t\t\t<\/div>\n\t\t\t\t<div class=\"elementor-element elementor-element-069985c elementor-widget elementor-widget-text-editor\" data-id=\"069985c\" data-element_type=\"widget\" data-e-type=\"widget\" data-widget_type=\"text-editor.default\">\n\t\t\t\t\t\t\t\t\t<p>Forjas de Viana, SA d\u00e9cline toute responsabilit\u00e9 d\u00e9coulant des informations publi\u00e9es sur ce site web, ou sur tout autre site qui en d\u00e9pend, si celles-ci ont \u00e9t\u00e9 manipul\u00e9es ou introduites par un tiers sans le consentement de l&rsquo;entreprise.<\/p><p>Ce site web peut \u00eatre temporairement inactif en raison de probl\u00e8mes techniques ou de mises \u00e0 jour. Forjas de Viana, SA n&rsquo;assume aucune responsabilit\u00e9 concernant lesdites op\u00e9rations de maintenance, pannes ou erreurs techniques susceptibles de se produire.<\/p><p>Forjas de Viana, SA accorde une attention particuli\u00e8re \u00e0 l&rsquo;exactitude et \u00e0 la pr\u00e9cision des informations du site web, proc\u00e9dant \u00e0 leur mise \u00e0 jour de mani\u00e8re p\u00e9riodique et corrigeant les erreurs d\u00e8s qu&rsquo;elles ont \u00e9t\u00e9 d\u00e9tect\u00e9es. Toutefois, Forjas de Viana, SA ne peut garantir que les informations soient actualis\u00e9es et l&rsquo;absence d&rsquo;erreurs \u00e0 tout moment.<\/p><p>En r\u00e8gle g\u00e9n\u00e9rale, aucune inscription ou enregistrement pr\u00e9alable en tant qu&rsquo;utilisateur n&rsquo;est exig\u00e9 pour l&rsquo;acc\u00e8s et l&rsquo;utilisation du site web, sans pr\u00e9judice du fait que pour l&rsquo;utilisation de certains services ou contenus de celui-ci, ledit enregistrement ou inscription doive \u00eatre effectu\u00e9.<\/p><p>Forjas de Viana, SA adopte les mesures techniques et organisationnelles n\u00e9cessaires pour garantir la protection des donn\u00e9es personnelles et \u00e9viter leur alt\u00e9ration, perte, traitement et\/ou acc\u00e8s non autoris\u00e9, compte tenu de l&rsquo;\u00e9tat de la technique, de la nature des donn\u00e9es stock\u00e9es et des risques auxquels elles sont expos\u00e9es, le tout conform\u00e9ment aux dispositions de la l\u00e9gislation espagnole relative \u00e0 la protection des donn\u00e9es \u00e0 caract\u00e8re personnel.<\/p>\t\t\t\t\t\t\t\t<\/div>\n\t\t\t\t<div class=\"elementor-element elementor-element-8f907f6 elementor-widget elementor-widget-heading\" data-id=\"8f907f6\" data-element_type=\"widget\" data-e-type=\"widget\" data-widget_type=\"heading.default\">\n\t\t\t\t\t<h2 class=\"elementor-heading-title elementor-size-default\">Utilisation correcte du site web<\/h2>\t\t\t\t<\/div>\n\t\t\t\t<div class=\"elementor-element elementor-element-a773c7e elementor-widget elementor-widget-text-editor\" data-id=\"a773c7e\" data-element_type=\"widget\" data-e-type=\"widget\" data-widget_type=\"text-editor.default\">\n\t\t\t\t\t\t\t\t\t<p>L&rsquo;utilisateur s&rsquo;engage \u00e0 utiliser le site web, les contenus et services conform\u00e9ment \u00e0 la loi, \u00e0 la pr\u00e9sente politique, aux bonnes m\u0153urs et \u00e0 l&rsquo;ordre public. De m\u00eame, l&rsquo;utilisateur s&rsquo;engage \u00e0 ne pas utiliser le site web, ses contenus ou les services fournis par celui-ci \u00e0 des fins ou avec des effets illicites ou contraires au contenu des pr\u00e9sentes mentions l\u00e9gales, pr\u00e9judiciables aux int\u00e9r\u00eats ou droits de tiers ou susceptibles d&rsquo;endommager de quelque mani\u00e8re que ce soit les donn\u00e9es, programmes ou documents \u00e9lectroniques se trouvant sur le site web.<\/p><p>L&rsquo;utilisateur s&rsquo;engage \u00e0 ne pas introduire de programmes, virus, macros, applets, contr\u00f4les ActiveX ou tout autre dispositif logique ou s\u00e9quence de caract\u00e8res susceptibles de causer ou pouvant causer tout type d&rsquo;alt\u00e9ration dans les syst\u00e8mes informatiques de Forjas de Viana, SA ou de tiers.<\/p>\t\t\t\t\t\t\t\t<\/div>\n\t\t\t\t<div class=\"elementor-element elementor-element-64fe549 elementor-widget elementor-widget-heading\" data-id=\"64fe549\" data-element_type=\"widget\" data-e-type=\"widget\" data-widget_type=\"heading.default\">\n\t\t\t\t\t<h2 class=\"elementor-heading-title elementor-size-default\">Liens de tiers<\/h2>\t\t\t\t<\/div>\n\t\t\t\t<div class=\"elementor-element elementor-element-1b18bdb elementor-widget elementor-widget-text-editor\" data-id=\"1b18bdb\" data-element_type=\"widget\" data-e-type=\"widget\" data-widget_type=\"text-editor.default\">\n\t\t\t\t\t\t\t\t\t<p>Les pr\u00e9sentes mentions l\u00e9gales se r\u00e9f\u00e8rent uniquement au site web et aux contenus de Forjas de Viana, SA et ne s&rsquo;appliquent pas aux liens ou aux sites web de tiers accessibles via le site web.<\/p><p>Les destinations desdits liens ne sont pas sous le contr\u00f4le de Forjas de Viana, SA. Forjas de Viana, SA n&rsquo;est pas responsable du contenu d&rsquo;aucun des sites web de destination d&rsquo;un lien, ni d&rsquo;aucun lien inclus dans un site web auquel vous acc\u00e9dez depuis le site web de Forjas de Viana, SA, ni d&rsquo;aucune modification ou mise \u00e0 jour desdits sites.<\/p>\t\t\t\t\t\t\t\t<\/div>\n\t\t\t\t<div class=\"elementor-element elementor-element-f3e0411 elementor-widget elementor-widget-heading\" data-id=\"f3e0411\" data-element_type=\"widget\" data-e-type=\"widget\" data-widget_type=\"heading.default\">\n\t\t\t\t\t<h2 class=\"elementor-heading-title elementor-size-default\">Propri\u00e9t\u00e9 intellectuelle<\/h2>\t\t\t\t<\/div>\n\t\t\t\t<div class=\"elementor-element elementor-element-d5e3227 elementor-widget elementor-widget-text-editor\" data-id=\"d5e3227\" data-element_type=\"widget\" data-e-type=\"widget\" data-widget_type=\"text-editor.default\">\n\t\t\t\t\t\t\t\t\t<p>Le contenu du site web est une \u0153uvre originale prot\u00e9g\u00e9e par le droit de propri\u00e9t\u00e9 intellectuelle, tous droits r\u00e9serv\u00e9s \u00e0 Forjas de Viana, SA, la reproduction ou transmission sous quelque forme que ce soit, ni par quelque moyen que ce soit d&rsquo;une partie ou de la totalit\u00e9 du contenu du mat\u00e9riel de ce site web n&rsquo;\u00e9tant autoris\u00e9e, incluant, sans limitation, texte, graphiques, code de conception, sans autorisation pr\u00e9alable de l&rsquo;auteur. En aucun cas le code source ne pourra faire l&rsquo;objet de copie, modification ou d\u00e9compilation par ing\u00e9nierie inverse ou toute autre technique \u00e0 cet effet.<\/p><p>Tous les logos et marques de Forjas de Viana, SA sont enregistr\u00e9s en tant que marques dans les registres publics correspondants. Les autres logos \u00e9trangers \u00e0 Forjas de Viana, SA susceptibles d&rsquo;appara\u00eetre sur le site web appartiennent \u00e0 leurs propri\u00e9taires respectifs, Forjas de Viana, SA n&rsquo;\u00e9tant pas responsable des controverses ou des contenus de ceux-ci.<\/p><p>La conception du site web est la propri\u00e9t\u00e9 de Forjas de Viana, SA depuis sa programmation, \u00e9dition, compilation et autres \u00e9l\u00e9ments n\u00e9cessaires \u00e0 son fonctionnement. L&rsquo;autorisation expresse \u00e9crite de Forjas de Viana, SA sera n\u00e9cessaire pour sa reproduction partielle ou totale, ainsi que pour l&rsquo;exploitation, la distribution et la commercialisation en g\u00e9n\u00e9ral.<\/p><p>Les r\u00e9clamations susceptibles d&rsquo;\u00eatre d\u00e9pos\u00e9es par les utilisateurs concernant d&rsquo;\u00e9ventuels manquements aux droits de propri\u00e9t\u00e9 intellectuelle ou industrielle des contenus peuvent \u00eatre adress\u00e9es \u00e0 <a href=\"mailto:admin@forjasviana.com\" target=\"_blank\" rel=\"noreferrer noopener\" aria-label=\"admin@forjasdeviana.com (abre en una nueva pesta\u00f1a)\">admin@forjasdeviana.com<\/a><\/p>\t\t\t\t\t\t\t\t<\/div>\n\t\t\t\t<div class=\"elementor-element elementor-element-6867032 elementor-widget elementor-widget-heading\" data-id=\"6867032\" data-element_type=\"widget\" data-e-type=\"widget\" data-widget_type=\"heading.default\">\n\t\t\t\t\t<h2 class=\"elementor-heading-title elementor-size-default\">R\u00e9seaux sociaux<\/h2>\t\t\t\t<\/div>\n\t\t\t\t<div class=\"elementor-element elementor-element-f582442 elementor-widget elementor-widget-text-editor\" data-id=\"f582442\" data-element_type=\"widget\" data-e-type=\"widget\" data-widget_type=\"text-editor.default\">\n\t\t\t\t\t\t\t\t\t<p>L&rsquo;utilisateur pourra rejoindre les groupes que Forjas de Viana, SA poss\u00e8de sur diff\u00e9rents r\u00e9seaux sociaux. L&rsquo;utilisateur qui devient fan, abonn\u00e9, etc. de Forjas de Viana, SA accepte les conditions d&rsquo;utilisation et la politique de confidentialit\u00e9 du r\u00e9seau social correspondant.<\/p>\t\t\t\t\t\t\t\t<\/div>\n\t\t\t\t<div class=\"elementor-element elementor-element-ea345bd elementor-widget elementor-widget-heading\" data-id=\"ea345bd\" data-element_type=\"widget\" data-e-type=\"widget\" data-widget_type=\"heading.default\">\n\t\t\t\t\t<h2 class=\"elementor-heading-title elementor-size-default\">Loi applicable et juridiction<\/h2>\t\t\t\t<\/div>\n\t\t\t\t<div class=\"elementor-element elementor-element-c1dc336 elementor-widget elementor-widget-text-editor\" data-id=\"c1dc336\" data-element_type=\"widget\" data-e-type=\"widget\" data-widget_type=\"text-editor.default\">\n\t\t\t\t\t\t\t\t\t<p>Pour toute question litigieuse ou concernant le site web ou le cas \u00e9ch\u00e9ant le service fourni par Forjas de Viana, SA, les parties, avec renonciation expresse \u00e0 leur propre for, se soumettent volontairement \u00e0 la l\u00e9gislation espagnole, les tribunaux et cours de Pampelune (Espagne) \u00e9tant comp\u00e9tents pour la r\u00e9solution de tous les conflits d\u00e9coulant ou li\u00e9s \u00e0 ceux-ci et, le cas \u00e9ch\u00e9ant, les tribunaux arbitraux auxquels Forjas de Viana, SA est adh\u00e9rente au moment du litige.<\/p>\t\t\t\t\t\t\t\t<\/div>\n\t\t\t\t\t<\/div>\n\t\t\t\t<\/div>\n\t\t\t\t<\/div>\n\t\t","protected":false},"excerpt":{"rendered":"<p>Mentions l\u00e9gales Forjas de Viana, SA met \u00e0 disposition via ce site web forjasdeviana.com des informations d&rsquo;int\u00e9r\u00eat concernant son activit\u00e9, ses produits et services, ainsi que des informations, actualit\u00e9s ou services web connexes. L&rsquo;utilisation de ce site web conf\u00e8re \u00e0 l&rsquo;internaute la qualit\u00e9 d&rsquo;utilisateur du site, ce qui implique l&rsquo;adh\u00e9sion aux pr\u00e9sentes conditions dans la [&hellip;]<\/p>\n","protected":false},"author":1,"featured_media":0,"parent":0,"menu_order":0,"comment_status":"closed","ping_status":"closed","template":"elementor_header_footer","meta":{"footnotes":""},"class_list":["post-6165","page","type-page","status-publish","hentry"],"_links":{"self":[{"href":"https:\/\/forjasdeviana.com\/fr\/wp-json\/wp\/v2\/pages\/6165","targetHints":{"allow":["GET"]}}],"collection":[{"href":"https:\/\/forjasdeviana.com\/fr\/wp-json\/wp\/v2\/pages"}],"about":[{"href":"https:\/\/forjasdeviana.com\/fr\/wp-json\/wp\/v2\/types\/page"}],"author":[{"embeddable":true,"href":"https:\/\/forjasdeviana.com\/fr\/wp-json\/wp\/v2\/users\/1"}],"replies":[{"embeddable":true,"href":"https:\/\/forjasdeviana.com\/fr\/wp-json\/wp\/v2\/comments?post=6165"}],"version-history":[{"count":1,"href":"https:\/\/forjasdeviana.com\/fr\/wp-json\/wp\/v2\/pages\/6165\/revisions"}],"predecessor-version":[{"id":6166,"href":"https:\/\/forjasdeviana.com\/fr\/wp-json\/wp\/v2\/pages\/6165\/revisions\/6166"}],"wp:attachment":[{"href":"https:\/\/forjasdeviana.com\/fr\/wp-json\/wp\/v2\/media?parent=6165"}],"curies":[{"name":"wp","href":"https:\/\/api.w.org\/{rel}","templated":true}]}}