{"id":6939,"date":"2026-01-08T00:00:43","date_gmt":"2026-01-07T23:00:43","guid":{"rendered":"https:\/\/forjasdeviana.com\/kontakt\/"},"modified":"2026-03-31T10:47:03","modified_gmt":"2026-03-31T08:47:03","slug":"kontakt","status":"publish","type":"page","link":"https:\/\/forjasdeviana.com\/de\/kontakt\/","title":{"rendered":"Kontakt"},"content":{"rendered":"\t\t<div data-elementor-type=\"wp-page\" data-elementor-id=\"6939\" class=\"elementor elementor-6939 elementor-2636\" data-elementor-post-type=\"page\">\n\t\t\t\t<div class=\"elementor-element elementor-element-6b68aeb e-flex e-con-boxed e-con e-parent\" data-id=\"6b68aeb\" data-element_type=\"container\" data-e-type=\"container\" data-settings=\"{&quot;background_background&quot;:&quot;classic&quot;}\">\n\t\t\t\t\t<div class=\"e-con-inner\">\n\t\t<div class=\"elementor-element elementor-element-484233d e-con-full e-flex e-con e-child\" data-id=\"484233d\" data-element_type=\"container\" data-e-type=\"container\" data-settings=\"{&quot;background_background&quot;:&quot;classic&quot;}\">\n\t\t\t\t<div class=\"elementor-element elementor-element-37359e2 elementor-widget elementor-widget-heading\" data-id=\"37359e2\" data-element_type=\"widget\" data-e-type=\"widget\" data-widget_type=\"heading.default\">\n\t\t\t\t\t<h2 class=\"elementor-heading-title elementor-size-default\">Setzen Sie sich mit uns in Verbindung<\/h2>\t\t\t\t<\/div>\n\t\t\t\t<div class=\"elementor-element elementor-element-ac697fa elementor-widget__width-initial elementor-widget elementor-widget-text-editor\" data-id=\"ac697fa\" data-element_type=\"widget\" data-e-type=\"widget\" data-widget_type=\"text-editor.default\">\n\t\t\t\t\t\t\t\t\t<p>Forjas de Viana bietet ma\u00dfgeschneiderte Schmiedel\u00f6sungen mit einem schnellen und zuverl\u00e4ssigen Service.<\/p>\t\t\t\t\t\t\t\t<\/div>\n\t\t\t\t<\/div>\n\t\t\t\t\t<\/div>\n\t\t\t\t<\/div>\n\t\t<div class=\"elementor-element elementor-element-f91286a e-flex e-con-boxed e-con e-parent\" data-id=\"f91286a\" data-element_type=\"container\" data-e-type=\"container\">\n\t\t\t\t\t<div class=\"e-con-inner\">\n\t\t<div class=\"elementor-element elementor-element-ba04275 e-con-full e-flex e-con e-child\" data-id=\"ba04275\" data-element_type=\"container\" data-e-type=\"container\">\n\t\t\t\t<div class=\"elementor-element elementor-element-42ca006 elementor-widget elementor-widget-heading\" data-id=\"42ca006\" data-element_type=\"widget\" data-e-type=\"widget\" data-widget_type=\"heading.default\">\n\t\t\t\t\t<h2 class=\"elementor-heading-title elementor-size-default\">KONTAKTDATEN<\/h2>\t\t\t\t<\/div>\n\t\t<div class=\"elementor-element elementor-element-fac1ebc e-con-full e-flex e-con e-child\" data-id=\"fac1ebc\" data-element_type=\"container\" data-e-type=\"container\">\n\t\t\t\t<div class=\"elementor-element elementor-element-5ba33cd elementor-view-default elementor-widget elementor-widget-icon\" data-id=\"5ba33cd\" data-element_type=\"widget\" data-e-type=\"widget\" data-widget_type=\"icon.default\">\n\t\t\t\t\t\t\t<div class=\"elementor-icon-wrapper\">\n\t\t\t<div class=\"elementor-icon\">\n\t\t\t<svg aria-hidden=\"true\" class=\"e-font-icon-svg e-fas-phone-alt\" viewBox=\"0 0 512 512\" xmlns=\"http:\/\/www.w3.org\/2000\/svg\"><path d=\"M497.39 361.8l-112-48a24 24 0 0 0-28 6.9l-49.6 60.6A370.66 370.66 0 0 1 130.6 204.11l60.6-49.6a23.94 23.94 0 0 0 6.9-28l-48-112A24.16 24.16 0 0 0 122.6.61l-104 24A24 24 0 0 0 0 48c0 256.5 207.9 464 464 464a24 24 0 0 0 23.4-18.6l24-104a24.29 24.29 0 0 0-14.01-27.6z\"><\/path><\/svg>\t\t\t<\/div>\n\t\t<\/div>\n\t\t\t\t\t\t<\/div>\n\t\t\t\t<div class=\"elementor-element elementor-element-3a355cd elementor-widget elementor-widget-text-editor\" data-id=\"3a355cd\" data-element_type=\"widget\" data-e-type=\"widget\" data-widget_type=\"text-editor.default\">\n\t\t\t\t\t\t\t\t\t<p>+34 948 645 175<\/p>\t\t\t\t\t\t\t\t<\/div>\n\t\t\t\t<\/div>\n\t\t<div class=\"elementor-element elementor-element-32d7e4e e-con-full e-flex e-con e-child\" data-id=\"32d7e4e\" data-element_type=\"container\" data-e-type=\"container\">\n\t\t\t\t<div class=\"elementor-element elementor-element-62e5f1c elementor-view-default elementor-widget elementor-widget-icon\" data-id=\"62e5f1c\" data-element_type=\"widget\" data-e-type=\"widget\" data-widget_type=\"icon.default\">\n\t\t\t\t\t\t\t<div class=\"elementor-icon-wrapper\">\n\t\t\t<div class=\"elementor-icon\">\n\t\t\t<svg aria-hidden=\"true\" class=\"e-font-icon-svg e-fas-envelope\" viewBox=\"0 0 512 512\" xmlns=\"http:\/\/www.w3.org\/2000\/svg\"><path d=\"M502.3 190.8c3.9-3.1 9.7-.2 9.7 4.7V400c0 26.5-21.5 48-48 48H48c-26.5 0-48-21.5-48-48V195.6c0-5 5.7-7.8 9.7-4.7 22.4 17.4 52.1 39.5 154.1 113.6 21.1 15.4 56.7 47.8 92.2 47.6 35.7.3 72-32.8 92.3-47.6 102-74.1 131.6-96.3 154-113.7zM256 320c23.2.4 56.6-29.2 73.4-41.4 132.7-96.3 142.8-104.7 173.4-128.7 5.8-4.5 9.2-11.5 9.2-18.9v-19c0-26.5-21.5-48-48-48H48C21.5 64 0 85.5 0 112v19c0 7.4 3.4 14.3 9.2 18.9 30.6 23.9 40.7 32.4 173.4 128.7 16.8 12.2 50.2 41.8 73.4 41.4z\"><\/path><\/svg>\t\t\t<\/div>\n\t\t<\/div>\n\t\t\t\t\t\t<\/div>\n\t\t\t\t<div class=\"elementor-element elementor-element-7fc72b7 elementor-widget elementor-widget-text-editor\" data-id=\"7fc72b7\" data-element_type=\"widget\" data-e-type=\"widget\" data-widget_type=\"text-editor.default\">\n\t\t\t\t\t\t\t\t\t<p>info@forjasdeviana.com<\/p>\t\t\t\t\t\t\t\t<\/div>\n\t\t\t\t<\/div>\n\t\t<div class=\"elementor-element elementor-element-a429943 e-con-full e-flex e-con e-child\" data-id=\"a429943\" data-element_type=\"container\" data-e-type=\"container\">\n\t\t\t\t<div class=\"elementor-element elementor-element-c8dc934 elementor-view-default elementor-widget elementor-widget-icon\" data-id=\"c8dc934\" data-element_type=\"widget\" data-e-type=\"widget\" data-widget_type=\"icon.default\">\n\t\t\t\t\t\t\t<div class=\"elementor-icon-wrapper\">\n\t\t\t<div class=\"elementor-icon\">\n\t\t\t<svg aria-hidden=\"true\" class=\"e-font-icon-svg e-fas-map\" viewBox=\"0 0 576 512\" xmlns=\"http:\/\/www.w3.org\/2000\/svg\"><path d=\"M0 117.66v346.32c0 11.32 11.43 19.06 21.94 14.86L160 416V32L20.12 87.95A32.006 32.006 0 0 0 0 117.66zM192 416l192 64V96L192 32v384zM554.06 33.16L416 96v384l139.88-55.95A31.996 31.996 0 0 0 576 394.34V48.02c0-11.32-11.43-19.06-21.94-14.86z\"><\/path><\/svg>\t\t\t<\/div>\n\t\t<\/div>\n\t\t\t\t\t\t<\/div>\n\t\t\t\t<div class=\"elementor-element elementor-element-2ea6128 elementor-widget elementor-widget-text-editor\" data-id=\"2ea6128\" data-element_type=\"widget\" data-e-type=\"widget\" data-widget_type=\"text-editor.default\">\n\t\t\t\t\t\t\t\t\t<p>Ctra. Recajo, 14, 31230 Viana, Navarra <\/p>\t\t\t\t\t\t\t\t<\/div>\n\t\t\t\t<\/div>\n\t\t\t\t<\/div>\n\t\t<div class=\"elementor-element elementor-element-8cd20e7 e-con-full e-flex e-con e-child\" data-id=\"8cd20e7\" data-element_type=\"container\" data-e-type=\"container\" data-settings=\"{&quot;background_background&quot;:&quot;video&quot;,&quot;background_video_link&quot;:&quot;https:\\\/\\\/youtu.be\\\/jVxlrH4FRcU&quot;,&quot;background_play_on_mobile&quot;:&quot;yes&quot;}\">\n\t\t<div class=\"elementor-background-video-container\">\n\t\t\t\t\t\t\t<div class=\"elementor-background-video-embed\" role=\"presentation\"><\/div>\n\t\t\t\t\t\t<\/div>\t\t<\/div>\n\t\t\t\t\t<\/div>\n\t\t\t\t<\/div>\n\t\t<div class=\"elementor-element elementor-element-b693038 e-flex e-con-boxed e-con e-parent\" data-id=\"b693038\" data-element_type=\"container\" data-e-type=\"container\">\n\t\t\t\t\t<div class=\"e-con-inner\">\n\t\t\t\t<div class=\"elementor-element elementor-element-e46828d elementor-widget elementor-widget-google_maps\" data-id=\"e46828d\" data-element_type=\"widget\" data-e-type=\"widget\" data-widget_type=\"google_maps.default\">\n\t\t\t\t\t\t\t<div class=\"elementor-custom-embed\">\n\t\t\t<iframe loading=\"lazy\"\n\t\t\t\t\tsrc=\"https:\/\/maps.google.com\/maps?q=Forjas%20de%20Viana&#038;t=m&#038;z=15&#038;output=embed&#038;iwloc=near\"\n\t\t\t\t\ttitle=\"Forjas de Viana\"\n\t\t\t\t\taria-label=\"Forjas de Viana\"\n\t\t\t><\/iframe>\n\t\t<\/div>\n\t\t\t\t\t\t<\/div>\n\t\t\t\t\t<\/div>\n\t\t\t\t<\/div>\n\t\t<div class=\"elementor-element elementor-element-f174373 e-flex e-con-boxed e-con e-parent\" data-id=\"f174373\" data-element_type=\"container\" data-e-type=\"container\" data-settings=\"{&quot;background_background&quot;:&quot;gradient&quot;}\">\n\t\t\t\t\t<div class=\"e-con-inner\">\n\t\t<div class=\"elementor-element elementor-element-0609b31 e-con-full e-flex e-con e-child\" data-id=\"0609b31\" data-element_type=\"container\" data-e-type=\"container\">\n\t\t\t\t<div class=\"elementor-element elementor-element-dc8517f elementor-widget elementor-widget-image\" data-id=\"dc8517f\" data-element_type=\"widget\" data-e-type=\"widget\" data-widget_type=\"image.default\">\n\t\t\t\t\t\t\t\t\t\t\t\t\t\t\t<img fetchpriority=\"high\" decoding=\"async\" width=\"800\" height=\"534\" src=\"https:\/\/forjasdeviana.com\/wp-content\/uploads\/2026\/03\/DSC01978-1-1024x684.jpg\" class=\"attachment-large size-large wp-image-6936\" alt=\"\" srcset=\"https:\/\/forjasdeviana.com\/wp-content\/uploads\/2026\/03\/DSC01978-1-1024x684.jpg 1024w, https:\/\/forjasdeviana.com\/wp-content\/uploads\/2026\/03\/DSC01978-1-300x200.jpg 300w, https:\/\/forjasdeviana.com\/wp-content\/uploads\/2026\/03\/DSC01978-1-768x513.jpg 768w, https:\/\/forjasdeviana.com\/wp-content\/uploads\/2026\/03\/DSC01978-1-1536x1026.jpg 1536w, https:\/\/forjasdeviana.com\/wp-content\/uploads\/2026\/03\/DSC01978-1-2048x1368.jpg 2048w, https:\/\/forjasdeviana.com\/wp-content\/uploads\/2026\/03\/DSC01978-1-600x401.jpg 600w\" sizes=\"(max-width: 800px) 100vw, 800px\" \/>\t\t\t\t\t\t\t\t\t\t\t\t\t\t\t<\/div>\n\t\t\t\t<\/div>\n\t\t<div class=\"elementor-element elementor-element-ffa6084 e-con-full e-flex e-con e-child\" data-id=\"ffa6084\" data-element_type=\"container\" data-e-type=\"container\">\n\t\t\t\t<div class=\"elementor-element elementor-element-5164951 elementor-widget elementor-widget-menu-anchor\" data-id=\"5164951\" data-element_type=\"widget\" data-e-type=\"widget\" data-widget_type=\"menu-anchor.default\">\n\t\t\t\t\t\t\t<div class=\"elementor-menu-anchor\" id=\"form\"><\/div>\n\t\t\t\t\t\t<\/div>\n\t\t\t\t<div class=\"elementor-element elementor-element-02aef92 elementor-widget elementor-widget-heading\" data-id=\"02aef92\" data-element_type=\"widget\" data-e-type=\"widget\" data-widget_type=\"heading.default\">\n\t\t\t\t\t<h2 class=\"elementor-heading-title elementor-size-default\">KONTAKTIEREN SIE UNS<\/h2>\t\t\t\t<\/div>\n\t\t\t\t<div class=\"elementor-element elementor-element-8ef6e1b elementor-widget elementor-widget-html\" data-id=\"8ef6e1b\" data-element_type=\"widget\" data-e-type=\"widget\" data-widget_type=\"html.default\">\n\t\t\t\t\t<style>.wpcf7-form label{\n    color: #CCCCCC;\n    font-family: \"Lexend Deca\";\n    font-size: 1rem;\n    font-weight: 400;\n    line-height: 1.4;\n    width: 100%;\n}\n\n.wpcf7-form input[type=text], .wpcf7-form input[type=email]{\n    outline: none;\n}\n\n.wpcf7-form textarea{\n    outline: none;\n    height: 100px;\n}\n\n.wpcf7-form input[type=submit]{\n    color: #063941;\n    background: #FFFFFF;\n    border: none;\n    font-size: 0.875rem;\n    font-family: \"Lexend Deca\";\n    font-weight: 700;\n    border-radius: 0px;\n    padding: 12px 24px;\n    \n}\n\n.elementor-element.elementor-widget-empty .elementor-widget-empty-icon{\n    height: 20px;\n    padding: 0px;\n}\n\n<\/style>\t\t\t\t<\/div>\n\t\t\t\t<div class=\"elementor-element elementor-element-2dbdfab elementor-widget__width-inherit elementor-widget elementor-widget-shortcode\" data-id=\"2dbdfab\" data-element_type=\"widget\" data-e-type=\"widget\" data-widget_type=\"shortcode.default\">\n\t\t\t\t\t\t\t<div class=\"elementor-shortcode\"><p class=\"wpcf7-contact-form-not-found\"><strong>Fehler:<\/strong> Kontaktformular wurde nicht gefunden.<\/p><\/div>\n\t\t\t\t\t\t<\/div>\n\t\t\t\t<\/div>\n\t\t\t\t\t<\/div>\n\t\t\t\t<\/div>\n\t\t\t\t<\/div>\n\t\t","protected":false},"excerpt":{"rendered":"<p>Setzen Sie sich mit uns in Verbindung Forjas de Viana bietet ma\u00dfgeschneiderte Schmiedel\u00f6sungen mit einem schnellen und zuverl\u00e4ssigen Service. KONTAKTDATEN +34 948 645 175 info@forjasdeviana.com Ctra. Recajo, 14, 31230 Viana, Navarra KONTAKTIEREN SIE UNS<\/p>\n","protected":false},"author":1,"featured_media":0,"parent":0,"menu_order":0,"comment_status":"closed","ping_status":"closed","template":"elementor_header_footer","meta":{"footnotes":""},"class_list":["post-6939","page","type-page","status-publish","hentry"],"_links":{"self":[{"href":"https:\/\/forjasdeviana.com\/de\/wp-json\/wp\/v2\/pages\/6939","targetHints":{"allow":["GET"]}}],"collection":[{"href":"https:\/\/forjasdeviana.com\/de\/wp-json\/wp\/v2\/pages"}],"about":[{"href":"https:\/\/forjasdeviana.com\/de\/wp-json\/wp\/v2\/types\/page"}],"author":[{"embeddable":true,"href":"https:\/\/forjasdeviana.com\/de\/wp-json\/wp\/v2\/users\/1"}],"replies":[{"embeddable":true,"href":"https:\/\/forjasdeviana.com\/de\/wp-json\/wp\/v2\/comments?post=6939"}],"version-history":[{"count":1,"href":"https:\/\/forjasdeviana.com\/de\/wp-json\/wp\/v2\/pages\/6939\/revisions"}],"predecessor-version":[{"id":6945,"href":"https:\/\/forjasdeviana.com\/de\/wp-json\/wp\/v2\/pages\/6939\/revisions\/6945"}],"wp:attachment":[{"href":"https:\/\/forjasdeviana.com\/de\/wp-json\/wp\/v2\/media?parent=6939"}],"curies":[{"name":"wp","href":"https:\/\/api.w.org\/{rel}","templated":true}]}}