{"id":6921,"date":"2026-01-08T11:14:26","date_gmt":"2026-01-08T10:14:26","guid":{"rendered":"https:\/\/forjasdeviana.com\/rechtliche-hinweise\/"},"modified":"2026-03-31T10:43:01","modified_gmt":"2026-03-31T08:43:01","slug":"rechtliche-hinweise","status":"publish","type":"page","link":"https:\/\/forjasdeviana.com\/de\/rechtliche-hinweise\/","title":{"rendered":"Rechtliche Hinweise"},"content":{"rendered":"\t\t<div data-elementor-type=\"wp-page\" data-elementor-id=\"6921\" class=\"elementor elementor-6921 elementor-2781\" data-elementor-post-type=\"page\">\n\t\t\t\t<div class=\"elementor-element elementor-element-e9ab4a0 e-flex e-con-boxed e-con e-parent\" data-id=\"e9ab4a0\" data-element_type=\"container\" data-e-type=\"container\" data-settings=\"{&quot;background_background&quot;:&quot;classic&quot;}\">\n\t\t\t\t\t<div class=\"e-con-inner\">\n\t\t<div class=\"elementor-element elementor-element-b89ae55 e-con-full e-flex e-con e-child\" data-id=\"b89ae55\" data-element_type=\"container\" data-e-type=\"container\" data-settings=\"{&quot;background_background&quot;:&quot;classic&quot;}\">\n\t\t\t\t<div class=\"elementor-element elementor-element-39f1c0d elementor-widget elementor-widget-heading\" data-id=\"39f1c0d\" data-element_type=\"widget\" data-e-type=\"widget\" data-widget_type=\"heading.default\">\n\t\t\t\t\t<h2 class=\"elementor-heading-title elementor-size-default\">Rechtliche Hinweise<\/h2>\t\t\t\t<\/div>\n\t\t\t\t<\/div>\n\t\t\t\t\t<\/div>\n\t\t\t\t<\/div>\n\t\t<div class=\"elementor-element elementor-element-e8097df e-flex e-con-boxed e-con e-parent\" data-id=\"e8097df\" data-element_type=\"container\" data-e-type=\"container\">\n\t\t\t\t\t<div class=\"e-con-inner\">\n\t\t\t\t<div class=\"elementor-element elementor-element-4a63893 elementor-widget elementor-widget-text-editor\" data-id=\"4a63893\" data-element_type=\"widget\" data-e-type=\"widget\" data-widget_type=\"text-editor.default\">\n\t\t\t\t\t\t\t\t\t<p>Forjas de Viana, SA stellt \u00fcber diese Website <a href=\"https:\/\/forjasdeviana.com\/de\/\">forjasdeviana.com<\/a> interessante Informationen \u00fcber ihre T\u00e4tigkeit, Produkte und Dienstleistungen sowie verwandte Informationen, Nachrichten oder Webdienste bereit.<\/p><p>Die Nutzung dieser Website verleiht dem Nutzer die Eigenschaft eines Website-Benutzers, was die Zustimmung zu den vorliegenden Bedingungen in der zum Zeitpunkt des Zugriffs ver\u00f6ffentlichten Version bedeutet.<\/p><p>Forjas de Viana, SA legt besonderen Wert darauf, dass die Informationen auf der Website exakt und pr\u00e4zise sind, und aktualisiert diese regelm\u00e4\u00dfig und korrigiert Fehler, sobald diese entdeckt wurden. Dennoch kann Forjas de Viana, SA nicht garantieren, dass die Informationen jederzeit aktuell und fehlerfrei sind. <\/p>\t\t\t\t\t\t\t\t<\/div>\n\t\t\t\t<div class=\"elementor-element elementor-element-76ee6a0 elementor-widget elementor-widget-heading\" data-id=\"76ee6a0\" data-element_type=\"widget\" data-e-type=\"widget\" data-widget_type=\"heading.default\">\n\t\t\t\t\t<h2 class=\"elementor-heading-title elementor-size-default\">Welche personenbezogenen Daten wir sammeln und warum wir sie sammeln<\/h2>\t\t\t\t<\/div>\n\t\t\t\t<div class=\"elementor-element elementor-element-069985c elementor-widget elementor-widget-text-editor\" data-id=\"069985c\" data-element_type=\"widget\" data-e-type=\"widget\" data-widget_type=\"text-editor.default\">\n\t\t\t\t\t\t\t\t\t<p>Forjas de Viana, SA lehnt jede Haftung f\u00fcr Informationen ab, die auf dieser Website oder anderen davon abh\u00e4ngigen Websites ver\u00f6ffentlicht wurden, wenn diese von Dritten ohne Zustimmung des Unternehmens manipuliert oder eingegeben wurden.<\/p><p>Diese Website kann aufgrund technischer Probleme oder Aktualisierungen vor\u00fcbergehend nicht aktiv sein. Forjas de Viana, SA \u00fcbernimmt keine Verantwortung f\u00fcr solche Wartungsarbeiten, Ausf\u00e4lle oder technische Fehler, die auftreten k\u00f6nnen. <\/p><p>Forjas de Viana, SA legt besonderen Wert darauf, dass die Informationen auf der Website exakt und pr\u00e4zise sind, und aktualisiert diese regelm\u00e4\u00dfig und korrigiert Fehler, sobald diese entdeckt wurden. Dennoch kann Forjas de Viana, SA nicht garantieren, dass die Informationen jederzeit aktuell und fehlerfrei sind. <\/p><p>Im Allgemeinen ist f\u00fcr den Zugriff und die Nutzung der Website keine vorherige Anmeldung oder Registrierung als Benutzer erforderlich, unbeschadet der Tatsache, dass f\u00fcr die Nutzung bestimmter Dienste oder Inhalte eine solche Anmeldung oder Registrierung erforderlich sein kann.<\/p><p>Forjas de Viana, SA ergreift die notwendigen technischen und organisatorischen Ma\u00dfnahmen, um den Schutz personenbezogener Daten zu gew\u00e4hrleisten und deren Ver\u00e4nderung, Verlust, unbefugte Verarbeitung und\/oder unbefugten Zugriff zu verhindern, unter Ber\u00fccksichtigung des Stands der Technik, der Art der gespeicherten Daten und der Risiken, denen sie ausgesetzt sind, alles gem\u00e4\u00df den Bestimmungen der spanischen Gesetzgebung zum Schutz personenbezogener Daten.<\/p>\t\t\t\t\t\t\t\t<\/div>\n\t\t\t\t<div class=\"elementor-element elementor-element-8f907f6 elementor-widget elementor-widget-heading\" data-id=\"8f907f6\" data-element_type=\"widget\" data-e-type=\"widget\" data-widget_type=\"heading.default\">\n\t\t\t\t\t<h2 class=\"elementor-heading-title elementor-size-default\">Korrekte Nutzung der Website<\/h2>\t\t\t\t<\/div>\n\t\t\t\t<div class=\"elementor-element elementor-element-a773c7e elementor-widget elementor-widget-text-editor\" data-id=\"a773c7e\" data-element_type=\"widget\" data-e-type=\"widget\" data-widget_type=\"text-editor.default\">\n\t\t\t\t\t\t\t\t\t<p>Der Nutzer verpflichtet sich, die Website, die Inhalte und Dienste in \u00dcbereinstimmung mit dem Gesetz, der vorliegenden Richtlinie, den guten Sitten und der \u00f6ffentlichen Ordnung zu nutzen. Ebenso verpflichtet sich der Nutzer, die Website, ihre Inhalte oder die \u00fcber sie angebotenen Dienste nicht f\u00fcr illegale Zwecke oder Wirkungen oder entgegen dem Inhalt dieser rechtlichen Hinweise zu nutzen, die Interessen oder Rechte Dritter zu sch\u00e4digen oder in irgendeiner Weise die Daten, Programme oder elektronischen Dokumente auf der Website zu besch\u00e4digen. <\/p><p>Der Nutzer verpflichtet sich, keine Programme, Viren, Makros, Applets, ActiveX-Steuerelemente oder andere logische Ger\u00e4te oder Zeichenfolgen einzuf\u00fchren, die eine Art von Ver\u00e4nderung in den Computersystemen von Forjas de Viana, SA oder Dritten verursachen oder verursachen k\u00f6nnten.<\/p>\t\t\t\t\t\t\t\t<\/div>\n\t\t\t\t<div class=\"elementor-element elementor-element-64fe549 elementor-widget elementor-widget-heading\" data-id=\"64fe549\" data-element_type=\"widget\" data-e-type=\"widget\" data-widget_type=\"heading.default\">\n\t\t\t\t\t<h2 class=\"elementor-heading-title elementor-size-default\">Links von Dritten<\/h2>\t\t\t\t<\/div>\n\t\t\t\t<div class=\"elementor-element elementor-element-1b18bdb elementor-widget elementor-widget-text-editor\" data-id=\"1b18bdb\" data-element_type=\"widget\" data-e-type=\"widget\" data-widget_type=\"text-editor.default\">\n\t\t\t\t\t\t\t\t\t<p>Diese rechtliche Richtlinie bezieht sich ausschlie\u00dflich auf die Website und die Inhalte von Forjas de Viana, SA und gilt nicht f\u00fcr Links oder Websites Dritter, die \u00fcber die Website zug\u00e4nglich sind.<\/p><p>Die Ziele dieser Links unterliegen nicht der Kontrolle von Forjas de Viana, SA. Forjas de Viana, SA ist nicht verantwortlich f\u00fcr den Inhalt von Ziel-Websites eines Links, noch f\u00fcr Links, die auf einer Website enthalten sind, zu der man von der Website von Forjas de Viana, SA gelangt, noch f\u00fcr \u00c4nderungen oder Aktualisierungen dieser Seiten. <\/p>\t\t\t\t\t\t\t\t<\/div>\n\t\t\t\t<div class=\"elementor-element elementor-element-f3e0411 elementor-widget elementor-widget-heading\" data-id=\"f3e0411\" data-element_type=\"widget\" data-e-type=\"widget\" data-widget_type=\"heading.default\">\n\t\t\t\t\t<h2 class=\"elementor-heading-title elementor-size-default\">Geistiges Eigentum.<\/h2>\t\t\t\t<\/div>\n\t\t\t\t<div class=\"elementor-element elementor-element-d5e3227 elementor-widget elementor-widget-text-editor\" data-id=\"d5e3227\" data-element_type=\"widget\" data-e-type=\"widget\" data-widget_type=\"text-editor.default\">\n\t\t\t\t\t\t\t\t\t<p>Der Inhalt der Website ist ein Originalwerk und durch das Recht des geistigen Eigentums mit allen Rechten f\u00fcr Forjas de Viana, SA gesch\u00fctzt. Die Vervielf\u00e4ltigung oder \u00dcbertragung in irgendeiner Form oder mit irgendeinem Mittel, weder teilweise noch vollst\u00e4ndig, des Materials dieser Website, einschlie\u00dflich, aber nicht beschr\u00e4nkt auf Text, Grafiken, Designcode, ohne vorherige Genehmigung des Autors, ist nicht gestattet. Zu keinem Zeitpunkt darf der Quellcode durch Reverse Engineering oder andere Techniken kopiert, modifiziert oder dekompiliert werden. <\/p><p>Alle Logos und Marken von Forjas de Viana, SA sind als Marken in den entsprechenden \u00f6ffentlichen Registern eingetragen. Die \u00fcbrigen Logos, die nicht zu Forjas de Viana, SA geh\u00f6ren und auf der Website erscheinen k\u00f6nnten, geh\u00f6ren ihren jeweiligen Eigent\u00fcmern, wobei Forjas de Viana, SA nicht f\u00fcr Streitigkeiten oder deren Inhalte verantwortlich ist. <\/p><p>Das Design der Website ist Eigentum von Forjas de Viana, SA, von ihrer Programmierung, Bearbeitung, Kompilierung und anderen f\u00fcr ihren Betrieb notwendigen Elementen. Die ausdr\u00fcckliche schriftliche Genehmigung von Forjas de Viana, SA ist f\u00fcr die teilweise oder vollst\u00e4ndige Reproduktion sowie f\u00fcr die Verwertung, Verbreitung und Vermarktung im Allgemeinen erforderlich. <\/p><p>Reklamationen, die von Nutzern im Zusammenhang mit m\u00f6glichen Verletzungen von Rechten des geistigen oder gewerblichen Eigentums an den Inhalten erhoben werden k\u00f6nnten, k\u00f6nnen an <a href=\"mailto:admin@forjasviana.com\" target=\"_blank\" rel=\"noreferrer noopener\" aria-label=\"admin@forjasdeviana.com (abre en una nueva pesta\u00f1a)\">admin@forjasdeviana.com<\/a> gerichtet werden.<\/p>\t\t\t\t\t\t\t\t<\/div>\n\t\t\t\t<div class=\"elementor-element elementor-element-6867032 elementor-widget elementor-widget-heading\" data-id=\"6867032\" data-element_type=\"widget\" data-e-type=\"widget\" data-widget_type=\"heading.default\">\n\t\t\t\t\t<h2 class=\"elementor-heading-title elementor-size-default\">Soziale Netzwerke<\/h2>\t\t\t\t<\/div>\n\t\t\t\t<div class=\"elementor-element elementor-element-f582442 elementor-widget elementor-widget-text-editor\" data-id=\"f582442\" data-element_type=\"widget\" data-e-type=\"widget\" data-widget_type=\"text-editor.default\">\n\t\t\t\t\t\t\t\t\t<p>Der Nutzer kann den Gruppen beitreten, die Forjas de Viana, SA in verschiedenen sozialen Netzwerken unterh\u00e4lt. Der Nutzer, der Fan, Follower usw. von Forjas de Viana, SA wird, akzeptiert die Bedingungen und die Nutzungs- und Datenschutzrichtlinien des jeweiligen sozialen Netzwerks. <\/p>\t\t\t\t\t\t\t\t<\/div>\n\t\t\t\t<div class=\"elementor-element elementor-element-ea345bd elementor-widget elementor-widget-heading\" data-id=\"ea345bd\" data-element_type=\"widget\" data-e-type=\"widget\" data-widget_type=\"heading.default\">\n\t\t\t\t\t<h2 class=\"elementor-heading-title elementor-size-default\">Anwendbares Recht und Gerichtsstand.<\/h2>\t\t\t\t<\/div>\n\t\t\t\t<div class=\"elementor-element elementor-element-c1dc336 elementor-widget elementor-widget-text-editor\" data-id=\"c1dc336\" data-element_type=\"widget\" data-e-type=\"widget\" data-widget_type=\"text-editor.default\">\n\t\t\t\t\t\t\t\t\t<p>F\u00fcr alle Streitigkeiten, die die Website oder gegebenenfalls die von Forjas de Viana, SA erbrachte Dienstleistung betreffen, unterwerfen sich die Parteien unter ausdr\u00fccklichem Verzicht auf ihren eigenen Gerichtsstand freiwillig der spanischen Gesetzgebung, wobei die Gerichte von Pamplona (Spanien) und gegebenenfalls die Schiedsgerichte, denen Forjas de Viana, SA zum Zeitpunkt der Streitigkeit angeh\u00f6rt, f\u00fcr die Beilegung aller daraus resultierenden oder damit verbundenen Konflikte zust\u00e4ndig sind.<\/p>\t\t\t\t\t\t\t\t<\/div>\n\t\t\t\t\t<\/div>\n\t\t\t\t<\/div>\n\t\t\t\t<\/div>\n\t\t","protected":false},"excerpt":{"rendered":"<p>Rechtliche Hinweise Forjas de Viana, SA stellt \u00fcber diese Website forjasdeviana.com interessante Informationen \u00fcber ihre T\u00e4tigkeit, Produkte und Dienstleistungen sowie verwandte Informationen, Nachrichten oder Webdienste bereit. Die Nutzung dieser Website verleiht dem Nutzer die Eigenschaft eines Website-Benutzers, was die Zustimmung zu den vorliegenden Bedingungen in der zum Zeitpunkt des Zugriffs ver\u00f6ffentlichten Version bedeutet. Forjas de [&hellip;]<\/p>\n","protected":false},"author":1,"featured_media":0,"parent":0,"menu_order":0,"comment_status":"closed","ping_status":"closed","template":"elementor_header_footer","meta":{"footnotes":""},"class_list":["post-6921","page","type-page","status-publish","hentry"],"_links":{"self":[{"href":"https:\/\/forjasdeviana.com\/de\/wp-json\/wp\/v2\/pages\/6921","targetHints":{"allow":["GET"]}}],"collection":[{"href":"https:\/\/forjasdeviana.com\/de\/wp-json\/wp\/v2\/pages"}],"about":[{"href":"https:\/\/forjasdeviana.com\/de\/wp-json\/wp\/v2\/types\/page"}],"author":[{"embeddable":true,"href":"https:\/\/forjasdeviana.com\/de\/wp-json\/wp\/v2\/users\/1"}],"replies":[{"embeddable":true,"href":"https:\/\/forjasdeviana.com\/de\/wp-json\/wp\/v2\/comments?post=6921"}],"version-history":[{"count":1,"href":"https:\/\/forjasdeviana.com\/de\/wp-json\/wp\/v2\/pages\/6921\/revisions"}],"predecessor-version":[{"id":6924,"href":"https:\/\/forjasdeviana.com\/de\/wp-json\/wp\/v2\/pages\/6921\/revisions\/6924"}],"wp:attachment":[{"href":"https:\/\/forjasdeviana.com\/de\/wp-json\/wp\/v2\/media?parent=6921"}],"curies":[{"name":"wp","href":"https:\/\/api.w.org\/{rel}","templated":true}]}}