{"id":6919,"date":"2026-01-08T11:19:40","date_gmt":"2026-01-08T10:19:40","guid":{"rendered":"https:\/\/forjasdeviana.com\/cookie-richtlinie\/"},"modified":"2026-03-31T10:41:22","modified_gmt":"2026-03-31T08:41:22","slug":"cookie-richtlinie","status":"publish","type":"page","link":"https:\/\/forjasdeviana.com\/de\/cookie-richtlinie\/","title":{"rendered":"Cookie-Richtlinie"},"content":{"rendered":"\t\t<div data-elementor-type=\"wp-page\" data-elementor-id=\"6919\" class=\"elementor elementor-6919 elementor-2787\" data-elementor-post-type=\"page\">\n\t\t\t\t<div class=\"elementor-element elementor-element-3984745 e-flex e-con-boxed e-con e-parent\" data-id=\"3984745\" data-element_type=\"container\" data-e-type=\"container\" data-settings=\"{&quot;background_background&quot;:&quot;classic&quot;}\">\n\t\t\t\t\t<div class=\"e-con-inner\">\n\t\t<div class=\"elementor-element elementor-element-1bf7678 e-con-full e-flex e-con e-child\" data-id=\"1bf7678\" data-element_type=\"container\" data-e-type=\"container\" data-settings=\"{&quot;background_background&quot;:&quot;classic&quot;}\">\n\t\t\t\t<div class=\"elementor-element elementor-element-a989871 elementor-widget elementor-widget-heading\" data-id=\"a989871\" data-element_type=\"widget\" data-e-type=\"widget\" data-widget_type=\"heading.default\">\n\t\t\t\t\t<h2 class=\"elementor-heading-title elementor-size-default\">Cookie-Richtlinie<\/h2>\t\t\t\t<\/div>\n\t\t\t\t<\/div>\n\t\t\t\t\t<\/div>\n\t\t\t\t<\/div>\n\t\t<div class=\"elementor-element elementor-element-8f3b8d5 e-flex e-con-boxed e-con e-parent\" data-id=\"8f3b8d5\" data-element_type=\"container\" data-e-type=\"container\">\n\t\t\t\t\t<div class=\"e-con-inner\">\n\t\t\t\t<div class=\"elementor-element elementor-element-07585c0 elementor-widget elementor-widget-text-editor\" data-id=\"07585c0\" data-element_type=\"widget\" data-e-type=\"widget\" data-widget_type=\"text-editor.default\">\n\t\t\t\t\t\t\t\t\t<p>Diese Website verwendet Cookies, wenn ein Nutzer durch ihre Seiten navigiert. Cookies sind Dateien, die \u00fcber einen Webserver an einen Browser gesendet werden, um die Aktivit\u00e4ten des Nutzers auf der Website zu registrieren und ihm eine fl\u00fcssigere und personalisierte Navigation zu erm\u00f6glichen. Der Nutzer hat die M\u00f6glichkeit, seinen Browser so zu konfigurieren, dass er deren Eingang verhindert, sie blockiert oder gegebenenfalls l\u00f6scht.  <\/p><p>Ebenso erkennen die Webserver der Website automatisch die IP-Adresse und den Netzwerknamen, die vom Nutzer verwendet werden. Alle diese Informationen werden in einer Server-Aktivit\u00e4tsdatei registriert, die eine sp\u00e4tere Verarbeitung der Daten erm\u00f6glicht, um statistische Messungen zu erhalten, die es erlauben, die Anzahl der Seitenaufrufe, die Anzahl der Besuche der Webdienste usw. zu ermitteln. <\/p>\t\t\t\t\t\t\t\t<\/div>\n\t\t\t\t<div class=\"elementor-element elementor-element-6b018dc elementor-widget elementor-widget-heading\" data-id=\"6b018dc\" data-element_type=\"widget\" data-e-type=\"widget\" data-widget_type=\"heading.default\">\n\t\t\t\t\t<h2 class=\"elementor-heading-title elementor-size-default\">Was ist ein Cookie?<\/h2>\t\t\t\t<\/div>\n\t\t\t\t<div class=\"elementor-element elementor-element-503af07 elementor-widget elementor-widget-text-editor\" data-id=\"503af07\" data-element_type=\"widget\" data-e-type=\"widget\" data-widget_type=\"text-editor.default\">\n\t\t\t\t\t\t\t\t\t<p>Ein Cookie ist eine Datei, die auf das Ger\u00e4t (Computer\/Smartphone\/Tablet) des Nutzers heruntergeladen wird, wenn dieser auf bestimmte Webseiten zugreift, um Informationen \u00fcber die Navigation zu speichern und abzurufen, die von diesem Ger\u00e4t aus durchgef\u00fchrt wird.<\/p>\t\t\t\t\t\t\t\t<\/div>\n\t\t\t\t<div class=\"elementor-element elementor-element-44977cf elementor-widget elementor-widget-heading\" data-id=\"44977cf\" data-element_type=\"widget\" data-e-type=\"widget\" data-widget_type=\"heading.default\">\n\t\t\t\t\t<h2 class=\"elementor-heading-title elementor-size-default\">Auf dieser Website verwendete Cookies<\/h2>\t\t\t\t<\/div>\n\t\t\t\t<div class=\"elementor-element elementor-element-11d7920 elementor-widget elementor-widget-text-editor\" data-id=\"11d7920\" data-element_type=\"widget\" data-e-type=\"widget\" data-widget_type=\"text-editor.default\">\n\t\t\t\t\t\t\t\t\t<p>Gem\u00e4\u00df den Richtlinien der spanischen Datenschutzbeh\u00f6rde (Agencia Espa\u00f1ola de Protecci\u00f3n de Datos) erl\u00e4utern wir im Folgenden die Verwendung von Cookies auf dieser Website, um Sie so genau wie m\u00f6glich zu informieren.<\/p><p>Diese Seite verwendet verschiedene Arten von Cookies. Einige Cookies werden von Drittanbieterdiensten platziert, die auf unseren Seiten erscheinen. <\/p>\t\t\t\t\t\t\t\t<\/div>\n\t\t\t\t<div class=\"elementor-element elementor-element-6b7dea7 elementor-widget elementor-widget-heading\" data-id=\"6b7dea7\" data-element_type=\"widget\" data-e-type=\"widget\" data-widget_type=\"heading.default\">\n\t\t\t\t\t<h2 class=\"elementor-heading-title elementor-size-default\">Je nach Zeitdauer, in der sie aktiv bleiben, k\u00f6nnen wir unterscheiden:<\/h2>\t\t\t\t<\/div>\n\t\t\t\t<div class=\"elementor-element elementor-element-1c00ccc elementor-widget elementor-widget-text-editor\" data-id=\"1c00ccc\" data-element_type=\"widget\" data-e-type=\"widget\" data-widget_type=\"text-editor.default\">\n\t\t\t\t\t\t\t\t\t<ul><li>Sitzungs-Cookies: Dies sind tempor\u00e4re Cookies, die nur existieren, bis Sie den Browser schlie\u00dfen, den Sie f\u00fcr den Zugriff auf die Website verwenden.<\/li><li>Dauerhafte oder persistente Cookies: Dies sind Cookies, die in Ihrer Cookie-Datei verbleiben, nachdem Sie unsere Website besucht haben. Diese Cookies helfen uns, Sie zu identifizieren, wenn Sie auf unsere Website zur\u00fcckkehren. <\/li><\/ul>\t\t\t\t\t\t\t\t<\/div>\n\t\t\t\t<div class=\"elementor-element elementor-element-c734216 elementor-widget elementor-widget-heading\" data-id=\"c734216\" data-element_type=\"widget\" data-e-type=\"widget\" data-widget_type=\"heading.default\">\n\t\t\t\t\t<h2 class=\"elementor-heading-title elementor-size-default\">Nach ihrem Zweck:<\/h2>\t\t\t\t<\/div>\n\t\t\t\t<div class=\"elementor-element elementor-element-c95e302 elementor-widget elementor-widget-text-editor\" data-id=\"c95e302\" data-element_type=\"widget\" data-e-type=\"widget\" data-widget_type=\"text-editor.default\">\n\t\t\t\t\t\t\t\t\t<ul><li>Technische Cookies: Dies sind Cookies, die dem Nutzer die Navigation durch eine Webseite, Plattform oder Anwendung und die Nutzung der verschiedenen darin vorhandenen Optionen oder Dienste erm\u00f6glichen, wie z. B. die Steuerung des Datenverkehrs und der Datenkommunikation, die Identifizierung der Sitzung, den Zugriff auf Bereiche mit beschr\u00e4nktem Zugang, das Speichern der Elemente einer Bestellung, die Durchf\u00fchrung des Kaufvorgangs einer Bestellung, die Beantragung der Anmeldung oder Teilnahme an einer Veranstaltung, die Verwendung von Sicherheitselementen w\u00e4hrend der Navigation, das Speichern von Inhalten zur Verbreitung von Videos oder Ton oder das Teilen von Inhalten \u00fcber soziale Netzwerke.<\/li><li>Personalisierungs-Cookies: Dies sind Cookies, die dem Nutzer den Zugriff auf den Dienst mit einigen allgemeinen Merkmalen erm\u00f6glichen, die auf der Grundlage einer Reihe von Kriterien im Endger\u00e4t des Nutzers vordefiniert sind, wie z. B. die Sprache, der Browsertyp, \u00fcber den auf den Dienst zugegriffen wird, die regionale Konfiguration, von der aus auf den Dienst zugegriffen wird, usw.<\/li><li>Analyse-Cookies: Dies sind Cookies, die es dem Verantwortlichen erm\u00f6glichen, das Verhalten der Nutzer der Websites, mit denen sie verkn\u00fcpft sind, zu verfolgen und zu analysieren. Die durch diese Art von Cookies gesammelten Informationen werden zur Messung der Aktivit\u00e4t von Websites, Anwendungen oder Plattformen und zur Erstellung von Navigationsprofilen der Nutzer dieser Websites, Anwendungen und Plattformen verwendet, um Verbesserungen auf der Grundlage der Analyse der Nutzungsdaten der Nutzer des Dienstes einzuf\u00fchren. In Bezug auf die Verarbeitung von Daten, die durch Analyse-Cookies erhoben werden, hat die Arbeitsgruppe nach Artikel 29 festgestellt, dass sie trotz der Tatsache, dass sie nicht von der Pflicht zur Einholung einer informierten Einwilligung f\u00fcr ihre Verwendung befreit sind, wahrscheinlich kein Risiko f\u00fcr die Privatsph\u00e4re der Nutzer darstellen, sofern es sich um Erstanbieter-Cookies handelt, die aggregierte Daten zu rein statistischen Zwecken verarbeiten, Informationen \u00fcber ihre Verwendung bereitgestellt werden und die M\u00f6glichkeit besteht, dass Nutzer ihre Ablehnung ihrer Verwendung zum Ausdruck bringen k\u00f6nnen.  <\/li><li>Werbe-Cookies: Dies sind Cookies, die eine m\u00f6glichst effiziente Verwaltung der Werbefl\u00e4chen erm\u00f6glichen, die der Herausgeber gegebenenfalls auf einer Webseite, Anwendung oder Plattform eingef\u00fcgt hat, von der aus er den angeforderten Dienst auf der Grundlage von Kriterien wie dem bearbeiteten Inhalt oder der H\u00e4ufigkeit, mit der Anzeigen geschaltet werden, bereitstellt. Verhaltensbasierte Werbe-Cookies: Dies sind Cookies, die eine m\u00f6glichst effiziente Verwaltung der Werbefl\u00e4chen erm\u00f6glichen, die der Herausgeber gegebenenfalls auf einer Webseite, Anwendung oder Plattform eingef\u00fcgt hat, von der aus er den angeforderten Dienst bereitstellt. Diese Cookies speichern Informationen \u00fcber das Verhalten der Nutzer, die durch die kontinuierliche Beobachtung ihrer Navigationsgewohnheiten gewonnen werden, was es erm\u00f6glicht, ein spezifisches Profil zu entwickeln, um Werbung entsprechend anzuzeigen.  <\/li><\/ul><p> <\/p><p>Die Cookies, die beim Navigieren auf dieser Website installiert werden, sind:<\/p><ul><li>Notwendige Cookies:<\/li><li>Nicht notwendige Cookies:<\/li><\/ul><p>Im Fall von Google Analytics-Cookies speichert dieses Unternehmen die Cookies auf Servern in den Vereinigten Staaten und verpflichtet sich, diese nicht mit Dritten zu teilen, au\u00dfer in F\u00e4llen, in denen dies f\u00fcr den Betrieb des Systems erforderlich ist oder wenn das Gesetz dies vorschreibt. Laut Google wird Ihre IP-Adresse nicht gespeichert. Google Inc. ist ein Unternehmen, das dem Safe-Harbor-Abkommen beigetreten ist, das garantiert, dass alle \u00fcbertragenen Daten mit einem Schutzniveau behandelt werden, das den europ\u00e4ischen Vorschriften entspricht. Detaillierte Informationen hierzu finden Sie unter diesem Link. Wenn Sie Informationen \u00fcber die Verwendung von Cookies durch Google w\u00fcnschen, f\u00fcgen wir diesen anderen Link bei.     <\/p><p>Wenn Sie mit der Verarbeitung Ihrer Daten auf dieser Website nicht einverstanden sind, haben Sie unter diesem Link: <a href=\"http:\/\/tools.google.com\/dlpage\/gaoptout?hl=de\" target=\"_blank\" rel=\"noreferrer noopener\">http:\/\/tools.google.com\/dlpage\/gaoptout?hl=de<\/a> die M\u00f6glichkeit, mit einem Add-on festzulegen, dass Sie nicht m\u00f6chten, dass Ihre Informationen \u00fcber Ihren Besuch der Seite an Google Analytics gesendet werden. Detaillierte Informationen zum Datenschutz von Google finden Sie unter <a href=\"https:\/\/policies.google.com\/privacy?hl=es-419\" target=\"_blank\" rel=\"noreferrer noopener\">https:\/\/policies.google.com\/privacy?hl=es-419<\/a> <\/p><p>Auf dieser Website k\u00f6nnen Videos integriert werden, die mit einem integrierten YouTube-Player abgespielt werden. Der Betreiber der Videoplattform YouTube ist YouTube, LLC, 901 Cherry Ave., San Bruno, CA 94066, USA, vertreten durch Google Inc., 1600 Amphitheatre Parkway, Mountain View, CA 94043, USA. Wenn Sie auf unserer Website ein in den YouTube-Player integriertes Video \u00f6ffnen, wird eine Verbindung zu den Servern von YouTube\/Google hergestellt. Der Server erh\u00e4lt Ihre IP-Adresse zusammen mit der URL des ge\u00f6ffneten Videos. Wenn Sie in Ihrem Google-Konto bei YouTube\/Google angemeldet sind, kann YouTube\/Google diese Informationen Ihrem pers\u00f6nlichen Profil zuordnen und dort bearbeiten.<\/p><p>Wenn Sie nicht m\u00f6chten, dass Google Daten \u00fcber Sie sammelt und mit Ihrem Profil verkn\u00fcpft, m\u00fcssen Sie sich von Google abmelden, bevor Sie unsere Website besuchen. Detaillierte Informationen \u00fcber die Erhebung und Verarbeitung Ihrer Daten durch YouTube finden Sie in der Datenschutzerkl\u00e4rung unter <a href=\"https:\/\/policies.google.com\/privacy?hl=es\" target=\"_blank\" rel=\"noreferrer noopener\">https:\/\/policies.google.com\/privacy?hl=es<\/a> <\/p><p>Privacy Shield: <a href=\"https:\/\/www.privacyshield.gov\/participant?id=a2zt000000001L5AAI&amp;status=Active\" target=\"_blank\" rel=\"noreferrer noopener\">https:\/\/www.privacyshield.gov\/participant?id=a2zt000000001L5AAI&amp;status=Active<\/a>.<\/p>\t\t\t\t\t\t\t\t<\/div>\n\t\t\t\t<div class=\"elementor-element elementor-element-6b8a4cc elementor-widget elementor-widget-heading\" data-id=\"6b8a4cc\" data-element_type=\"widget\" data-e-type=\"widget\" data-widget_type=\"heading.default\">\n\t\t\t\t\t<h2 class=\"elementor-heading-title elementor-size-default\">Wie k\u00f6nnen Sie Ihre Cookies konfigurieren oder deaktivieren?<\/h2>\t\t\t\t<\/div>\n\t\t\t\t<div class=\"elementor-element elementor-element-088be95 elementor-widget elementor-widget-text-editor\" data-id=\"088be95\" data-element_type=\"widget\" data-e-type=\"widget\" data-widget_type=\"text-editor.default\">\n\t\t\t\t\t\t\t\t\t<p>Beim Betreten der Website erhalten Sie einen Hinweis \u00fcber die Verwendung von Cookies mit grundlegenden Informationen und einem Link zu dieser Cookie-Richtlinie. Insbesondere erteilen Sie Ihre ausdr\u00fcckliche Einwilligung zur Installation der notwendigen Cookies, indem Sie weiter navigieren, ohne Ihre Konfiguration zu \u00e4ndern, und der nicht notwendigen Cookies, indem Sie deren Verarbeitung ausdr\u00fccklich akzeptieren. <\/p><p>Sie k\u00f6nnen die f\u00fcr die Verwendung von Cookies erteilte Einwilligung jederzeit widerrufen. Dazu hat der Nutzer die M\u00f6glichkeit, Cookies zu aktivieren oder zu deaktivieren, indem er die Konfiguration seines Browsers \u00e4ndert. Das Vorstehende verhindert jedoch nicht die m\u00f6gliche Speicherung oder den Zugriff technischer Art zum Zweck der Durchf\u00fchrung der \u00dcbertragung einer Kommunikation \u00fcber ein elektronisches Kommunikationsnetz oder, soweit dies unbedingt erforderlich ist, f\u00fcr die Bereitstellung eines Dienstes der Informationsgesellschaft, der vom Nutzer ausdr\u00fccklich angefordert wurde. <\/p><p>Unter den folgenden Links stehen Ihnen alle Informationen zur Verf\u00fcgung, um Ihre Cookies in jedem Browser zu konfigurieren oder zu deaktivieren:<\/p><p><strong>Internet Explorer<\/strong>: <a href=\"https:\/\/support.microsoft.com\/es-es\/help\/17442\/windows-internet-explorer-delete-manage-cookies\" target=\"_blank\" rel=\"noreferrer noopener\">https:\/\/support.microsoft.com\/es-es\/help\/17442\/windows-internet-explorer-delete-manage-cookies<\/a><br><strong>Firefox<\/strong>: <a href=\"https:\/\/support.mozilla.org\/es\/kb\/habilitar-y-deshabilitar-cookies-que-los-sitios-we\" target=\"_blank\" rel=\"noreferrer noopener\">https:\/\/support.mozilla.org\/es\/kb\/habilitar-y-deshabilitar-cookies-que-los-sitios-we<\/a><br><strong>Chrome<\/strong>: <a href=\"http:\/\/support.google.com\/chrome\/bin\/answer.py?hl=es&amp;answer=95647\" target=\"_blank\" rel=\"noreferrer noopener\">http:\/\/support.google.com\/chrome\/bin\/answer.py?hl=es&amp;answer=95647<\/a><br><strong>Safari<\/strong>: <a href=\"https:\/\/support.apple.com\/es-es\/guide\/safari\/sfri11471\/mac\" target=\"_blank\" rel=\"noreferrer noopener\">https:\/\/support.apple.com\/es-es\/guide\/safari\/sfri11471\/mac<\/a><\/p>\t\t\t\t\t\t\t\t<\/div>\n\t\t\t\t\t<\/div>\n\t\t\t\t<\/div>\n\t\t\t\t<\/div>\n\t\t","protected":false},"excerpt":{"rendered":"<p>Cookie-Richtlinie Diese Website verwendet Cookies, wenn ein Nutzer durch ihre Seiten navigiert. Cookies sind Dateien, die \u00fcber einen Webserver an einen Browser gesendet werden, um die Aktivit\u00e4ten des Nutzers auf der Website zu registrieren und ihm eine fl\u00fcssigere und personalisierte Navigation zu erm\u00f6glichen. Der Nutzer hat die M\u00f6glichkeit, seinen Browser so zu konfigurieren, dass er [&hellip;]<\/p>\n","protected":false},"author":1,"featured_media":0,"parent":0,"menu_order":0,"comment_status":"closed","ping_status":"closed","template":"elementor_header_footer","meta":{"footnotes":""},"class_list":["post-6919","page","type-page","status-publish","hentry"],"_links":{"self":[{"href":"https:\/\/forjasdeviana.com\/de\/wp-json\/wp\/v2\/pages\/6919","targetHints":{"allow":["GET"]}}],"collection":[{"href":"https:\/\/forjasdeviana.com\/de\/wp-json\/wp\/v2\/pages"}],"about":[{"href":"https:\/\/forjasdeviana.com\/de\/wp-json\/wp\/v2\/types\/page"}],"author":[{"embeddable":true,"href":"https:\/\/forjasdeviana.com\/de\/wp-json\/wp\/v2\/users\/1"}],"replies":[{"embeddable":true,"href":"https:\/\/forjasdeviana.com\/de\/wp-json\/wp\/v2\/comments?post=6919"}],"version-history":[{"count":1,"href":"https:\/\/forjasdeviana.com\/de\/wp-json\/wp\/v2\/pages\/6919\/revisions"}],"predecessor-version":[{"id":6920,"href":"https:\/\/forjasdeviana.com\/de\/wp-json\/wp\/v2\/pages\/6919\/revisions\/6920"}],"wp:attachment":[{"href":"https:\/\/forjasdeviana.com\/de\/wp-json\/wp\/v2\/media?parent=6919"}],"curies":[{"name":"wp","href":"https:\/\/api.w.org\/{rel}","templated":true}]}}