{"id":6894,"date":"2026-03-18T12:33:27","date_gmt":"2026-03-18T11:33:27","guid":{"rendered":"https:\/\/forjasdeviana.com\/katalog-eigener-produkte\/"},"modified":"2026-03-31T10:38:11","modified_gmt":"2026-03-31T08:38:11","slug":"katalog-eigener-produkte","status":"publish","type":"page","link":"https:\/\/forjasdeviana.com\/de\/katalog-eigener-produkte\/","title":{"rendered":"Katalog eigener Produkte"},"content":{"rendered":"\t\t<div data-elementor-type=\"wp-page\" data-elementor-id=\"6894\" class=\"elementor elementor-6894 elementor-5422\" data-elementor-post-type=\"page\">\n\t\t\t\t<div class=\"elementor-element elementor-element-9ca384c e-flex e-con-boxed e-con e-parent\" data-id=\"9ca384c\" data-element_type=\"container\" data-e-type=\"container\" data-settings=\"{&quot;background_background&quot;:&quot;classic&quot;}\">\n\t\t\t\t\t<div class=\"e-con-inner\">\n\t\t\t\t<div class=\"elementor-element elementor-element-216fb78 elementor-widget elementor-widget-heading\" data-id=\"216fb78\" data-element_type=\"widget\" data-e-type=\"widget\" data-widget_type=\"heading.default\">\n\t\t\t\t\t<h2 class=\"elementor-heading-title elementor-size-default\">Katalog eigener Produkte<\/h2>\t\t\t\t<\/div>\n\t\t\t\t\t<\/div>\n\t\t\t\t<\/div>\n\t\t<div class=\"elementor-element elementor-element-7d1064f e-flex e-con-boxed e-con e-parent\" data-id=\"7d1064f\" data-element_type=\"container\" data-e-type=\"container\">\n\t\t\t\t\t<div class=\"e-con-inner\">\n\t\t\t\t<div class=\"elementor-element elementor-element-1c53706 elementor-widget elementor-widget-shortcode\" data-id=\"1c53706\" data-element_type=\"widget\" data-e-type=\"widget\" data-widget_type=\"shortcode.default\">\n\t\t\t\t\t\t\t<div class=\"elementor-shortcode\">\r\n    <div class=\"wc-cat-container\" id=\"wc_cat_wrap_69d029910b1a7\" data-main-view=\"1\">\r\n        <div class=\"wc-cat-search-wrap\">\r\n            <input class=\"wcCatSearch\" type=\"text\" placeholder=\"Buscar categor\u00edas o productos...\" \/>\r\n            <div class=\"wcCatNoResults\" style=\"display:none; margin-top:10px;\">No se han encontrado resultados.<\/div>\r\n        <\/div>\r\n\r\n        <div class=\"wc-cat-grid\">\r\n                    <a class=\"wc-cat-card\" \r\n           href=\"https:\/\/forjasdeviana.com\/de\/categoria-producto\/kunstschmiede\/\" \r\n           data-search=\"kunstschmiede kugelornament vierkant-ring geschmiedeter ring geschmiedeter abschlussring geschmiedeter ring f\u00fcr treppenabschluss baluster baluster baluster baluster baluster verformter stab kugel mit schraube treppenkugel treppenkugel balkonmittelst\u00fcck nagel mit kugel nagel mit knauf kettenbeschlag neuheit geschmiedete birne geschmiedete birne knauf knauf mit schraube\" \r\n           data-is-sub=\"0\" \r\n           >\r\n\r\n            <div class=\"wc-cat-img\" style=\"background-image:url('https:\/\/forjasdeviana.com\/wp-content\/uploads\/2026\/02\/portada-apartado-forja-artistica-300x212.webp')\"><\/div>\r\n            <div class=\"wc-cat-name\">Kunstschmiede<\/div>\r\n        <\/a>\r\n                <a class=\"wc-cat-card\" \r\n           href=\"https:\/\/forjasdeviana.com\/de\/categoria-producto\/landwirtschaftliche-ersatzteile\/\" \r\n           data-search=\"landwirtschaftliche ersatzteile landwirtschaftliches ersatzteil mt-1 landwirtschaftliches ersatzteil mt-2 agrar-ersatzteil mt-3 landwirtschaftliches ersatzteil mt-4 landwirtschaftliches ersatzteil mt-5 landwirtschaftliches ersatzteil mt-6 landwirtschaftliches ersatzteil mt-7 landwirtschaftliches ersatzteil mt-8 landwirtschaftliches ersatzteil mt-9 landwirtschaftliches ersatzteil mt-10 landwirtschaftliches ersatzteil mt-11 landwirtschaftliches ersatzteil mt-12 landwirtschaftliches ersatzteil mt-13 landwirtschaftliches ersatzteil mt-14 grubberschar meisselschar weinbergschar\" \r\n           data-is-sub=\"0\" \r\n           >\r\n\r\n            <div class=\"wc-cat-img\" style=\"background-image:url('https:\/\/forjasdeviana.com\/wp-content\/uploads\/2026\/03\/reja-chisel-300x200.jpg')\"><\/div>\r\n            <div class=\"wc-cat-name\">Landwirtschaftliche Ersatzteile<\/div>\r\n        <\/a>\r\n                <a class=\"wc-cat-card\" \r\n           href=\"https:\/\/forjasdeviana.com\/de\/categoria-producto\/schiffszubehor\/\" \r\n           data-search=\"schiffszubeh\u00f6r ablasschraube edelstahl mercruiser ringschraube rollenknebel\" \r\n           data-is-sub=\"0\" \r\n           >\r\n\r\n            <div class=\"wc-cat-img\" style=\"background-image:url('https:\/\/forjasdeviana.com\/wp-content\/uploads\/2026\/02\/portada-apartado-efectos-navales-300x120.webp')\"><\/div>\r\n            <div class=\"wc-cat-name\">Schiffszubeh\u00f6r<\/div>\r\n        <\/a>\r\n                <a class=\"wc-cat-card\" \r\n           href=\"https:\/\/forjasdeviana.com\/de\/categoria-producto\/speerspitzen\/\" \r\n           data-search=\"speerspitzen homologierte achse 45 rohling homologierte bearbeitete 45-mm-welle zugelassene rohachse 60 homologierte, bearbeitete 60er achse homologierte achse 70 roh zugelassene welle 70, bearbeitet homologierte achse 85 rohling homologierte welle 85 bearbeitet lange welle 45 roh lange welle 45 bearbeitet alte achse 45 rohling alte achse 45 bearbeitet kugelzug achse 85 kugelgriff mit platte\" \r\n           data-is-sub=\"0\" \r\n           >\r\n\r\n            <div class=\"wc-cat-img\" style=\"background-image:url('https:\/\/forjasdeviana.com\/wp-content\/uploads\/2026\/03\/tiro-de-bola-eje-85-1-300x85.png')\"><\/div>\r\n            <div class=\"wc-cat-name\">Speerspitzen<\/div>\r\n        <\/a>\r\n                <a class=\"wc-cat-card\" \r\n           href=\"https:\/\/forjasdeviana.com\/de\/categoria-producto\/herrajes-para-carroceria\/\" \r\n           data-search=\"befestigungsteile f\u00fcr karosserie scharnierh\u00fclsen kippscharniere scharnierstifte riegel zinken oder haken viehverschl\u00fcsse seitliche verschl\u00fcsse hintere verschl\u00fcsse sonstiges s\u00e4ulen und keile haken komplette seitenscharniere komplette hintere scharniere blechscharniere spannschl\u00f6sser lang zug\u00f6se bandring einbauring gewinde\u00f6se ar-1 gewinde\u00f6se ar-2 ar-2 konische unterlegscheibe scharnier kippscharnier cgb-\u00f830 schwenkscharnier cgb-\u00f842 blechscharnier blechscharnier drehscharnier hb-8 kippwinkelband hb2 gigante seitenkipper-scharnier bl-1 seitenkipper-scharnier bl-2 hinteres kippscharnier scharniere mit nylonbuchse kipplager-winkelscharniere containerbolzen 115 mm containerbolzen 65 mm spanndrahtseil riegel kreuzriegel riegel mit geschlossenem griff riegel mit kreuzgriff kurzer kreuzgriff-riegel riegel zum anschrauben riegel typ viana schalungsbleche ch01 schalungsbleche ch02 deutscher verschluss katalanischer verschluss katalanischer verschluss mit offenem griff keilverschluss sicherheitsverschluss hakenverschluss f\u00fcr hintert\u00fcr drehkreuzverschluss offener viehverschluss viehverschluss mit ring viehverschluss \u00f810 verstellbarer gabelverschluss federverschluss verschluss mit umgekehrter feder hakenverschluss verschluss hintert\u00fcren semigigant-verschluss riesenverschluss hinten hinterer verschluss-satz nocken- und treibriegel-set kurz gleitkeil geschmiedete keile eggenzahn speziell lasthaken haken f\u00fcr ringmutter spannhaken geschmiedete haken g-1 schmiedehaken g-3 schmiedehaken g-4 schmiedehaken g-6 schmiedehaken g-8 stabhaken fahrgestellklammer klammer tir h-20 buchse drehbuchse hb-3 drehgelenk-mutter hb-4 weiblich h-13 weiblich h-15 \u2013 h-30 tir-\u00f6se bremsgabeln kit kipp-scharnier glatt bolzen c-11 scharnierbolzen m-1 scharnierbolzen m-2 \u2013 m-4 scharnierzapfen m-5 &#8211; m-6 scharnierzapfen m-7 scharnierstifte m-8 gewindegriffe mg-2 f\u00fcr aluminium f\u00fcr aluminium h-16 f\u00fcr aluminium h-17 &#8211; h-18 f\u00fcr container h-14 f\u00fcr container h-20 f\u00fcr h-28 beh\u00e4lter f\u00fcr omega-profil f\u00fcr u-profil zum schweissen und aluminium konische s\u00e4ulen weinbergschar beh\u00e4lterrad einfach scharnierhalter winkel shb grosse fahrgestellhalterung kleiner fahrwerktr\u00e4ger chassis-halterung u tir 10 tir offen tir geschlossen tir zwei auflager schraube f\u00fcr griffe spannerschloss spannwindenspanner f\u00fcr hebeschlingen verst\u00e4rkter spannschloss feste klaue gelenkklauen u-6 gelenkklammer u-7 gelenkzinken u-8 gelenkzinken u-9 feste haken\" \r\n           data-is-sub=\"0\" \r\n           >\r\n\r\n            <div class=\"wc-cat-img\" style=\"background-image:url('https:\/\/forjasdeviana.com\/wp-content\/uploads\/2026\/02\/hero_catalogo_b97a56b0-300x94.jpg')\"><\/div>\r\n            <div class=\"wc-cat-name\">Befestigungsteile f\u00fcr Karosserie<\/div>\r\n        <\/a>\r\n                <a class=\"wc-cat-card\" \r\n           href=\"https:\/\/forjasdeviana.com\/de\/categoria-producto\/herrajes-para-carroceria\/scharnierhulsen\/\" \r\n           data-search=\"scharnierh\u00fclsen lang h-20 buchse weiblich h-13 weiblich h-15 \u2013 h-30 tir-\u00f6se glatt f\u00fcr aluminium h-16 f\u00fcr aluminium h-17 &#8211; h-18 f\u00fcr container h-14 f\u00fcr container h-20 f\u00fcr h-28 beh\u00e4lter f\u00fcr omega-profil f\u00fcr u-profil\" \r\n           data-is-sub=\"1\" \r\n           style=\"display:none;\">\r\n\r\n            <div class=\"wc-cat-img\" style=\"background-image:url('https:\/\/forjasdeviana.com\/wp-content\/uploads\/2026\/01\/292_a75336ba-300x300.jpg')\"><\/div>\r\n            <div class=\"wc-cat-name\">Scharnierh\u00fclsen<\/div>\r\n        <\/a>\r\n                <a class=\"wc-cat-card\" \r\n           href=\"https:\/\/forjasdeviana.com\/de\/categoria-producto\/herrajes-para-carroceria\/kippscharniere\/\" \r\n           data-search=\"kippscharniere kippscharnier cgb-\u00f830 schwenkscharnier cgb-\u00f842 drehscharnier hb-8 kippwinkelband hb2 gigante kipplager-winkelscharniere drehbuchse hb-3 drehgelenk-mutter hb-4 kit kipp-scharnier scharnierhalter winkel shb\" \r\n           data-is-sub=\"1\" \r\n           style=\"display:none;\">\r\n\r\n            <div class=\"wc-cat-img\" style=\"background-image:url('https:\/\/forjasdeviana.com\/wp-content\/uploads\/2026\/03\/364_71f4793d-1-300x207.jpg')\"><\/div>\r\n            <div class=\"wc-cat-name\">Kippscharniere<\/div>\r\n        <\/a>\r\n                <a class=\"wc-cat-card\" \r\n           href=\"https:\/\/forjasdeviana.com\/de\/categoria-producto\/herrajes-para-carroceria\/scharnierstifte\/\" \r\n           data-search=\"scharnierstifte scharnierbolzen m-1 scharnierbolzen m-2 \u2013 m-4 scharnierzapfen m-5 &#8211; m-6 scharnierzapfen m-7 scharnierstifte m-8\" \r\n           data-is-sub=\"1\" \r\n           style=\"display:none;\">\r\n\r\n            <div class=\"wc-cat-img\" style=\"background-image:url('https:\/\/forjasdeviana.com\/wp-content\/uploads\/2026\/01\/290_83a44ed1-300x300.jpg')\"><\/div>\r\n            <div class=\"wc-cat-name\">Scharnierstifte<\/div>\r\n        <\/a>\r\n                <a class=\"wc-cat-card\" \r\n           href=\"https:\/\/forjasdeviana.com\/de\/categoria-producto\/herrajes-para-carroceria\/riegel\/\" \r\n           data-search=\"riegel riegel kreuzriegel riegel mit geschlossenem griff riegel mit kreuzgriff kurzer kreuzgriff-riegel riegel zum anschrauben\" \r\n           data-is-sub=\"1\" \r\n           style=\"display:none;\">\r\n\r\n            <div class=\"wc-cat-img\" style=\"background-image:url('https:\/\/forjasdeviana.com\/wp-content\/uploads\/2026\/01\/291_a2843af1-300x300.jpg')\"><\/div>\r\n            <div class=\"wc-cat-name\">Riegel<\/div>\r\n        <\/a>\r\n                <a class=\"wc-cat-card\" \r\n           href=\"https:\/\/forjasdeviana.com\/de\/categoria-producto\/herrajes-para-carroceria\/zinken-oder-haken\/\" \r\n           data-search=\"zinken oder haken feste klaue gelenkklauen u-6 gelenkklammer u-7 gelenkzinken u-8 gelenkzinken u-9 feste haken\" \r\n           data-is-sub=\"1\" \r\n           style=\"display:none;\">\r\n\r\n            <div class=\"wc-cat-img\" style=\"background-image:url('https:\/\/forjasdeviana.com\/wp-content\/uploads\/2026\/01\/288_0a385294-300x300.jpg')\"><\/div>\r\n            <div class=\"wc-cat-name\">Zinken oder Haken<\/div>\r\n        <\/a>\r\n                <a class=\"wc-cat-card\" \r\n           href=\"https:\/\/forjasdeviana.com\/de\/categoria-producto\/herrajes-para-carroceria\/viehverschlusse\/\" \r\n           data-search=\"viehverschl\u00fcsse offener viehverschluss viehverschluss mit ring viehverschluss \u00f810\" \r\n           data-is-sub=\"1\" \r\n           style=\"display:none;\">\r\n\r\n            <div class=\"wc-cat-img\" style=\"background-image:url('https:\/\/forjasdeviana.com\/wp-content\/uploads\/2026\/01\/289_686f9358-300x300.jpg')\"><\/div>\r\n            <div class=\"wc-cat-name\">Viehverschl\u00fcsse<\/div>\r\n        <\/a>\r\n                <a class=\"wc-cat-card\" \r\n           href=\"https:\/\/forjasdeviana.com\/de\/categoria-producto\/herrajes-para-carroceria\/seitliche-verschlusse\/\" \r\n           data-search=\"seitliche verschl\u00fcsse deutscher verschluss federverschluss verschluss mit umgekehrter feder hakenverschluss gewindegriffe schraube f\u00fcr griffe\" \r\n           data-is-sub=\"1\" \r\n           style=\"display:none;\">\r\n\r\n            <div class=\"wc-cat-img\" style=\"background-image:url('https:\/\/forjasdeviana.com\/wp-content\/uploads\/2026\/01\/286_f4ef3132-300x300.jpg')\"><\/div>\r\n            <div class=\"wc-cat-name\">Seitliche Verschl\u00fcsse<\/div>\r\n        <\/a>\r\n                <a class=\"wc-cat-card\" \r\n           href=\"https:\/\/forjasdeviana.com\/de\/categoria-producto\/herrajes-para-carroceria\/hintere-verschlusse\/\" \r\n           data-search=\"hintere verschl\u00fcsse riegel typ viana katalanischer verschluss katalanischer verschluss mit offenem griff keilverschluss sicherheitsverschluss verstellbarer gabelverschluss verschluss hintert\u00fcren semigigant-verschluss riesenverschluss hinten hinterer verschluss-satz nocken- und treibriegel-set bolzen c-11 mg-2\" \r\n           data-is-sub=\"1\" \r\n           style=\"display:none;\">\r\n\r\n            <div class=\"wc-cat-img\" style=\"background-image:url('https:\/\/forjasdeviana.com\/wp-content\/uploads\/2026\/01\/287_e51f84c0-300x300.jpg')\"><\/div>\r\n            <div class=\"wc-cat-name\">Hintere Verschl\u00fcsse<\/div>\r\n        <\/a>\r\n                <a class=\"wc-cat-card\" \r\n           href=\"https:\/\/forjasdeviana.com\/de\/categoria-producto\/herrajes-para-carroceria\/sonstiges\/\" \r\n           data-search=\"sonstiges zug\u00f6se bandring einbauring gewinde\u00f6se ar-1 gewinde\u00f6se ar-2 ar-2 konische unterlegscheibe containerbolzen 115 mm containerbolzen 65 mm spanndrahtseil schalungsbleche ch01 schalungsbleche ch02 hakenverschluss f\u00fcr hintert\u00fcr drehkreuzverschluss kurz eggenzahn speziell lasthaken haken f\u00fcr ringmutter fahrgestellklammer bremsgabeln weinbergschar beh\u00e4lterrad einfach grosse fahrgestellhalterung kleiner fahrwerktr\u00e4ger chassis-halterung u\" \r\n           data-is-sub=\"1\" \r\n           style=\"display:none;\">\r\n\r\n            <div class=\"wc-cat-img\" style=\"background-image:url('https:\/\/forjasdeviana.com\/wp-content\/uploads\/2026\/01\/303_9bfd7bdd-300x300.jpg')\"><\/div>\r\n            <div class=\"wc-cat-name\">Sonstiges<\/div>\r\n        <\/a>\r\n                <a class=\"wc-cat-card\" \r\n           href=\"https:\/\/forjasdeviana.com\/de\/categoria-producto\/herrajes-para-carroceria\/saulen-und-keile\/\" \r\n           data-search=\"s\u00e4ulen und keile gleitkeil geschmiedete keile konische s\u00e4ulen\" \r\n           data-is-sub=\"1\" \r\n           style=\"display:none;\">\r\n\r\n            <div class=\"wc-cat-img\" style=\"background-image:url('https:\/\/forjasdeviana.com\/wp-content\/uploads\/2026\/01\/301_77b38ecd-300x300.jpg')\"><\/div>\r\n            <div class=\"wc-cat-name\">S\u00e4ulen und Keile<\/div>\r\n        <\/a>\r\n                <a class=\"wc-cat-card\" \r\n           href=\"https:\/\/forjasdeviana.com\/de\/categoria-producto\/herrajes-para-carroceria\/haken\/\" \r\n           data-search=\"haken spannhaken geschmiedete haken g-1 schmiedehaken g-3 schmiedehaken g-4 schmiedehaken g-6 schmiedehaken g-8 stabhaken\" \r\n           data-is-sub=\"1\" \r\n           style=\"display:none;\">\r\n\r\n            <div class=\"wc-cat-img\" style=\"background-image:url('https:\/\/forjasdeviana.com\/wp-content\/uploads\/2026\/01\/298_29acf9f4-300x300.jpg')\"><\/div>\r\n            <div class=\"wc-cat-name\">Haken<\/div>\r\n        <\/a>\r\n                <a class=\"wc-cat-card\" \r\n           href=\"https:\/\/forjasdeviana.com\/de\/categoria-producto\/herrajes-para-carroceria\/komplette-seitenscharniere\/\" \r\n           data-search=\"komplette seitenscharniere blechscharnier klammer tir f\u00fcr aluminium zum schweissen und aluminium tir 10 tir offen tir geschlossen tir zwei auflager\" \r\n           data-is-sub=\"1\" \r\n           style=\"display:none;\">\r\n\r\n            <div class=\"wc-cat-img\" style=\"background-image:url('https:\/\/forjasdeviana.com\/wp-content\/uploads\/2026\/01\/295_64ca9623-300x300.jpg')\"><\/div>\r\n            <div class=\"wc-cat-name\">Komplette Seitenscharniere<\/div>\r\n        <\/a>\r\n                <a class=\"wc-cat-card\" \r\n           href=\"https:\/\/forjasdeviana.com\/de\/categoria-producto\/herrajes-para-carroceria\/komplette-hintere-scharniere\/\" \r\n           data-search=\"komplette hintere scharniere scharnier seitenkipper-scharnier bl-1 seitenkipper-scharnier bl-2 hinteres kippscharnier scharniere mit nylonbuchse\" \r\n           data-is-sub=\"1\" \r\n           style=\"display:none;\">\r\n\r\n            <div class=\"wc-cat-img\" style=\"background-image:url('https:\/\/forjasdeviana.com\/wp-content\/uploads\/2026\/01\/296_fe5bce83-300x300.jpg')\"><\/div>\r\n            <div class=\"wc-cat-name\">Komplette hintere Scharniere<\/div>\r\n        <\/a>\r\n                <a class=\"wc-cat-card\" \r\n           href=\"https:\/\/forjasdeviana.com\/de\/categoria-producto\/herrajes-para-carroceria\/blechscharniere\/\" \r\n           data-search=\"blechscharniere blechscharnier\" \r\n           data-is-sub=\"1\" \r\n           style=\"display:none;\">\r\n\r\n            <div class=\"wc-cat-img\" style=\"background-image:url('https:\/\/forjasdeviana.com\/wp-content\/uploads\/2026\/01\/297_7fdbf36e-300x300.jpg')\"><\/div>\r\n            <div class=\"wc-cat-name\">Blechscharniere<\/div>\r\n        <\/a>\r\n                <a class=\"wc-cat-card\" \r\n           href=\"https:\/\/forjasdeviana.com\/de\/categoria-producto\/herrajes-para-carroceria\/spannschlosser\/\" \r\n           data-search=\"spannschl\u00f6sser spannerschloss spannwindenspanner f\u00fcr hebeschlingen verst\u00e4rkter spannschloss\" \r\n           data-is-sub=\"1\" \r\n           style=\"display:none;\">\r\n\r\n            <div class=\"wc-cat-img\" style=\"background-image:url('https:\/\/forjasdeviana.com\/wp-content\/uploads\/2026\/01\/304_06ef8810-300x300.jpg')\"><\/div>\r\n            <div class=\"wc-cat-name\">Spannschl\u00f6sser<\/div>\r\n        <\/a>\r\n                <\/div>\r\n    <\/div>\r\n\r\n    <style>\r\n        .wc-cat-search-wrap { max-width:520px; margin:0 0 20px 0; }\r\n        .wcCatSearch {\r\n            width:100%;\r\n            padding:12px 14px;\r\n            border:1px solid #ddd;\r\n            border-radius:8px;\r\n            font-size:16px;\r\n        }\r\n        .wcCatNoResults { color:#666; font-size:14px; }\r\n        .wc-cat-grid {\r\n            display:grid;\r\n            grid-template-columns:repeat(4,minmax(0,1fr));\r\n            gap:20px;\r\n        }\r\n        .wc-cat-card {\r\n            display:block;\r\n            text-decoration:none;\r\n            border:1px solid #063941;\r\n            border-radius:12px;\r\n            overflow:hidden;\r\n            transition:all .2s ease;\r\n        }\r\n        .wc-cat-card:hover {\r\n            transform:translateY(-4px);\r\n            box-shadow:0 8px 20px #8FCFD93D;\r\n        }\r\n        .wc-cat-img {\r\n            width:100%;\r\n            aspect-ratio:4\/3;\r\n            background-size:contain;\r\n\t\t\tbackground-repeat: no-repeat;\r\n            background-position:center;\r\n            background-color:#fff;\r\n        }\r\n        .wc-cat-name {\r\n            font-size:1.5rem;\r\n            padding:14px;\r\n            font-weight:400;\r\n            color:#063941;\r\n            text-align:center;\r\n        }\r\n        @media (max-width:1024px){.wc-cat-grid{grid-template-columns:repeat(3,1fr)}}\r\n        @media (max-width:767px){.wc-cat-grid{grid-template-columns:repeat(2,1fr)}}\r\n    <\/style>\r\n\r\n    <script>\r\n    (function(){\r\n        const container = document.getElementById('wc_cat_wrap_69d029910b1a7');\r\n        if (!container) return;\r\n\r\n        const input = container.querySelector('.wcCatSearch');\r\n        const cards = container.querySelectorAll('.wc-cat-card');\r\n        const noResults = container.querySelector('.wcCatNoResults');\r\n        \r\n        const isMainView = container.getAttribute('data-main-view') === '1';\r\n\r\n        const norm = (s) => (s || '')\r\n            .toLowerCase()\r\n            .normalize('NFD')\r\n            .replace(\/[\\u0300-\\u036f]\/g, '')\r\n            .trim();\r\n\r\n        if (!input || !cards.length) return;\r\n\r\n        input.addEventListener('input', function(){\r\n            const q = norm(this.value);\r\n            let visible = 0;\r\n\r\n            cards.forEach(card => {\r\n                const text = norm(card.getAttribute('data-search'));\r\n                const isSub = card.getAttribute('data-is-sub') === '1';\r\n                let show = false;\r\n\r\n                if (isMainView) {\r\n                    if (q.length < 3) {\r\n                        show = isSub ? false : (q === '' ? true : text.includes(q));\r\n                    } else {\r\n                        show = text.includes(q);\r\n                    }\r\n                } else {\r\n                    show = (q === '') ? true : text.includes(q);\r\n                }\r\n\r\n                card.style.display = show ? '' : 'none';\r\n                if (show) visible++;\r\n            });\r\n\r\n            if (noResults) {\r\n                noResults.style.display = (visible === 0) ? '' : 'none';\r\n            }\r\n        });\r\n    })();\r\n    <\/script>\r\n\r\n    <\/div>\n\t\t\t\t\t\t<\/div>\n\t\t\t\t\t<\/div>\n\t\t\t\t<\/div>\n\t\t\t\t<\/div>\n\t\t","protected":false},"excerpt":{"rendered":"<p>Katalog eigener Produkte<\/p>\n","protected":false},"author":1,"featured_media":0,"parent":0,"menu_order":0,"comment_status":"closed","ping_status":"closed","template":"elementor_header_footer","meta":{"footnotes":""},"class_list":["post-6894","page","type-page","status-publish","hentry"],"_links":{"self":[{"href":"https:\/\/forjasdeviana.com\/de\/wp-json\/wp\/v2\/pages\/6894","targetHints":{"allow":["GET"]}}],"collection":[{"href":"https:\/\/forjasdeviana.com\/de\/wp-json\/wp\/v2\/pages"}],"about":[{"href":"https:\/\/forjasdeviana.com\/de\/wp-json\/wp\/v2\/types\/page"}],"author":[{"embeddable":true,"href":"https:\/\/forjasdeviana.com\/de\/wp-json\/wp\/v2\/users\/1"}],"replies":[{"embeddable":true,"href":"https:\/\/forjasdeviana.com\/de\/wp-json\/wp\/v2\/comments?post=6894"}],"version-history":[{"count":1,"href":"https:\/\/forjasdeviana.com\/de\/wp-json\/wp\/v2\/pages\/6894\/revisions"}],"predecessor-version":[{"id":6895,"href":"https:\/\/forjasdeviana.com\/de\/wp-json\/wp\/v2\/pages\/6894\/revisions\/6895"}],"wp:attachment":[{"href":"https:\/\/forjasdeviana.com\/de\/wp-json\/wp\/v2\/media?parent=6894"}],"curies":[{"name":"wp","href":"https:\/\/api.w.org\/{rel}","templated":true}]}}